{"id":1781,"date":"2015-02-26T22:30:11","date_gmt":"2015-02-26T20:30:11","guid":{"rendered":"https:\/\/flamaecol.sk\/produkt\/sporak-lanordica-suprema-2\/"},"modified":"2025-12-04T10:23:48","modified_gmt":"2025-12-04T08:23:48","slug":"sporak-lanordica-suprema-cierna","status":"publish","type":"product","link":"https:\/\/flamaecol.sk\/en\/produkt\/sporak-lanordica-suprema-cierna\/","title":{"rendered":"La Nordica Suprema"},"content":{"rendered":"<h4>Kuchynsk\u00fd spor\u00e1k La Nordica Suprema<\/h4>\n<div><\/div>\n<div>Spor\u00e1k na drevo Suprema je absol\u00fatna \u0161pi\u010dka v kon\u0161trukcii liatinov\u00fdch spor\u00e1kov! <br class=\"avia-permanent-lb\" \/>Plat\u0148a a r\u00e1m, ro\u0161t, v\u0161etky dvierka &#8211; v\u0161etko z mas\u00edvnej liatiny, ktor\u00e1 je povrchovo chr\u00e1nen\u00e1 sklenen\u00fdm smaltom v \u010diernej farbe. <br class=\"avia-permanent-lb\" \/>Trojit\u00e9 spa\u013eovanie s oplachom skla hor\u00facim vzduchom nedovol\u00ed zanesenia skla. Integrovan\u00fd teplomer v r\u00fare pom\u00e1ha k spr\u00e1vnemu vo\u0148av\u00e9mu pe\u010denie!<\/div>\n<div>Liatina, oce\u013e, sklo &#8211; tri materi\u00e1ly z ktor\u00fdch s\u00fa zostaven\u00e9 tieto spor\u00e1ky. Spa\u013eujete drevo &#8211; najsk\u00f4r m\u00e1te poh\u013ead na horenie ako v krbe. <br class=\"avia-permanent-lb\" \/>Teplo vyprodukovan\u00e9 ohreje plat\u0148u na ktorej uvar\u00edte. Pri prepnut\u00ed dymu na r\u00faru upe\u010diete! A za \u0161tvrt\u00e9 vyk\u00farite priestor a\u017e 100m2! <br class=\"avia-permanent-lb\" \/>To je predsa ide\u00e1lny pre dom\u00e1cnos\u0165 a e\u0161te \u0161etr\u00edte peniaze!<\/div>\n<div>Vn\u00fatorn\u00fd korpus je zostaven\u00fd zo smaltovan\u00fdch a pozinkovan\u00fdch plechov. <br class=\"avia-permanent-lb\" \/>Tento z\u00e1klad sl\u00fa\u017ei ako nosn\u00fd prvok na uchytenie dver\u00ed, r\u00e1mu platne, vlo\u017een\u00e9 r\u00fary a ohniska. <br class=\"avia-permanent-lb\" \/>Spa\u013eovac\u00ed priestor m\u00e1 trojstup\u0148ov\u00e9 horenie a je oblo\u017een\u00fd liatinov\u00fdmi doskami, dvojit\u00e9 presklenie prikladac\u00edch dvierok s regul\u00e1ciou prim\u00e1rneho a sekund\u00e1rneho vzduchu. <br class=\"avia-permanent-lb\" \/>Smaltovan\u00e1 r\u00fara je osaden\u00e1 teplomerom, plechom na pe\u010denie a mrie\u017ekou. <br class=\"avia-permanent-lb\" \/>Kon\u0161truk\u010dne je v\u0161etko vyrie\u0161en\u00e9 aby pe\u010denie bolo rovnomern\u00e9 a st\u00e1le. Ochrana r\u00fary proti prep\u00e1leniu je vyrie\u0161en\u00e1 vlo\u017een\u00edm nerezov\u00e9ho plechu . <br class=\"avia-permanent-lb\" \/>Spodn\u00ed vys\u00favac\u00ed \u0161upl\u00edk je na men\u0161ie mno\u017estvo dreva alebo tie\u017e na zapa\u013eovacie potreby.<\/div>\n<div>Horn\u00e1 liatinov\u00e1 plat\u0148a je zosilnen\u00e1 zo spodn\u00fdmi v\u00fdstuhami, vrchn\u00e1 strana je pre lep\u0161iu prevod tepla zabr\u00fasen\u00e9 a nad ohniskom e\u0161te zlo\u017een\u00e1 zo \u0161iestich liatinov\u00fdch kruhov. <br class=\"avia-permanent-lb\" \/>T\u00e1to kon\u0161trukcia \u00faplne vylu\u010duje priehyb a praskanie. V\u00fdstup dymu je vyrie\u0161en\u00fd uprostred o ve\u013ekosti 150mm a m\u00f4\u017ee by\u0165 tie\u017e zozadu.<\/div>\n<div>V letnom obdob\u00ed je mo\u017en\u00e9 r\u00fary vyradi\u0165 a pou\u017e\u00edva\u0165 len na varenie.<\/div>\n<div>Chr\u00f3mov\u00fd r\u00e1m okolo cel\u00e9ho spor\u00e1ka sl\u00fa\u017ei ako ochrana proti pop\u00e1leniu.<\/div>\n<div><\/div>\n<div><\/div>\n<div><strong>Technick\u00e9 parametre :<\/strong><\/div>\n<div><\/div>\n<div>Menovit\u00fd v\u00fdkon do vzduchu: 8 kW<\/div>\n<div>Maxim\u00e1lna hodinov\u00e1 spotreba dreva: 2,4 kg \/ h<\/div>\n<div>Priemer dymovodu: 150 mm<\/div>\n<div>V\u00fdvod dymovodu: Horn\u00e9<\/div>\n<div>\u00da\u010dinnos\u0165: 77,8%<\/div>\n<div>Hmotnos\u0165: 220 kg<\/div>\n<div>V\u00fdhrevnos\u0165 priestoru pri zateplen\u00ed 50W \/ 1m\u00b3: 229 m\u00b3<\/div>\n<div>Priemer r\u00fary pre pr\u00edvod extern\u00e9ho vzduchu: Bez priameho napojenia<\/div>\n<div>V\u00fd\u0161ka: 880 mm<\/div>\n<div>\u0160\u00edrka: 980 mm<\/div>\n<div>H\u013abka: 660 mm<\/div>\n<div>Typ spa\u013eovania: Trojstup\u0148ov\u00e9<\/div>\n<div>Obklad: Smaltovan\u00e1 oce\u013e \/ liatina<\/div>\n<div>Kon\u0161trukcie spa\u013eovacieho priestoru: Liatina<\/div>\n<div>Typ ro\u0161tu: Pevn\u00fd<\/div>\n<div>Popoln\u00edk: Vyberate\u013en\u00fd<\/div>\n<div>Ve\u013ekos\u0165 polien: 300 mm<\/div>\n<div>Rozmer vstupn\u00e9ho otvoru do spa\u013eovacieho priestoru: 235&#215;225 mm<\/div>\n<div>Rozmery spa\u013eovacieho priestoru: 304x277x460 mm<\/div>\n<div>Prenos tepla: S\u00e1lan\u00edm<\/div>\n","protected":false},"excerpt":{"rendered":"<p>Varenie,pe\u010denie,vykurovanie a pr\u00edjemn\u00fd poh\u013ead na ohe\u0148 ako v krbe.<\/p>\n","protected":false},"featured_media":1772,"comment_status":"open","ping_status":"closed","template":"","meta":[],"product_brand":[],"product_cat":[216,218,263],"product_tag":[],"class_list":{"0":"post-1781","1":"product","2":"type-product","3":"status-publish","4":"has-post-thumbnail","6":"product_cat-sporaky","7":"product_cat-luxusne-sporaky","8":"product_cat-akcie","10":"first","11":"outofstock","12":"sale","13":"taxable","14":"shipping-taxable","15":"purchasable","16":"product-type-simple"},"_links":{"self":[{"href":"https:\/\/flamaecol.sk\/en\/wp-json\/wp\/v2\/product\/1781","targetHints":{"allow":["GET"]}}],"collection":[{"href":"https:\/\/flamaecol.sk\/en\/wp-json\/wp\/v2\/product"}],"about":[{"href":"https:\/\/flamaecol.sk\/en\/wp-json\/wp\/v2\/types\/product"}],"replies":[{"embeddable":true,"href":"https:\/\/flamaecol.sk\/en\/wp-json\/wp\/v2\/comments?post=1781"}],"wp:featuredmedia":[{"embeddable":true,"href":"https:\/\/flamaecol.sk\/en\/wp-json\/wp\/v2\/media\/1772"}],"wp:attachment":[{"href":"https:\/\/flamaecol.sk\/en\/wp-json\/wp\/v2\/media?parent=1781"}],"wp:term":[{"taxonomy":"product_brand","embeddable":true,"href":"https:\/\/flamaecol.sk\/en\/wp-json\/wp\/v2\/product_brand?post=1781"},{"taxonomy":"product_cat","embeddable":true,"href":"https:\/\/flamaecol.sk\/en\/wp-json\/wp\/v2\/product_cat?post=1781"},{"taxonomy":"product_tag","embeddable":true,"href":"https:\/\/flamaecol.sk\/en\/wp-json\/wp\/v2\/product_tag?post=1781"}],"curies":[{"name":"wp","href":"https:\/\/api.w.org\/{rel}","templated":true}]}}