{"id":1771,"date":"2015-02-26T22:03:30","date_gmt":"2015-02-26T20:03:30","guid":{"rendered":"https:\/\/flamaecol.sk\/produkt\/sporaklanordicasovrana-2\/"},"modified":"2015-02-26T22:03:30","modified_gmt":"2015-02-26T20:03:30","slug":"sporaklanordicasovrana-2","status":"publish","type":"product","link":"https:\/\/flamaecol.sk\/en\/produkt\/sporaklanordicasovrana-2\/","title":{"rendered":"La Nordica Sovrana EVO 2.0"},"content":{"rendered":"<h4><span style=\"color: rgb(48, 48, 48); font-family: Verdana; line-height: 16.7999992370605px;\">Kuchynsk\u00fd spor\u00e1k La Nordica Sovrana Evo 2.0<\/span><\/h4>\n<div><span style=\"color: rgb(48, 48, 48); font-family: Verdana; line-height: 16.7999992370605px;\"><br \/><\/span><\/div>\n<div><span style=\"color: rgb(48, 48, 48); font-family: Verdana; line-height: 16.7999992370605px;\">Spor\u00e1k Sovrana je prec\u00edzny v\u00fdrobok s dokonal\u00fdm vyu\u017eit\u00edm v\u0161etk\u00fdch miest v kon\u0161trukcii. Varn\u00e1 plat\u0148a je z liatiny, presklen\u00e9 ohnisko a r\u00fary s kontroln\u00fdm teplomerom. V priestore pod t\u00fdm je \u0161upl\u00edk na ohrievanie tanierov alebo in\u00fdch jed\u00e1l ale m\u00f4\u017ee tie\u017e sl\u00fa\u017ei\u0165 ako su\u0161iare\u0148. \u00daplne dole je vys\u00favac\u00ed z\u00e1sobn\u00edk na drevo. Regul\u00e1cia prim\u00e1rneho aj sekund\u00e1rneho vzduchu je doplnen\u00e1 e\u0161te o automatick\u00fd terci\u00e1rny vzduch. T\u00e1to kombin\u00e1cia zni\u017euje emisie CO2 a zv\u00fd\u0161ila \u00fa\u010dinnos\u0165 k 80%. Bo\u010dn\u00e9 steny maj\u00fa vzduchov\u00fa medzeru kde sa ohrieva priechodom vzduch. Toto teplovzdu\u0161n\u00e9 vykurovanie nepotrebuje \u017eiadnu ventil\u00e1ciu aby sa ohriali aj vzdialen\u00e9 k\u00faty vykurovan\u00e9ho priestoru.<\/span><\/div>\n<div><span style=\"color: rgb(48, 48, 48); font-family: Verdana; line-height: 16.7999992370605px;\"><br \/><\/span><\/div>\n<div><span style=\"color: rgb(48, 48, 48); font-family: Verdana; line-height: 16.7999992370605px;\">TECHNICK\u00c9 PARAMETRE<\/span><\/div>\n<div><span style=\"color: rgb(48, 48, 48); font-family: Verdana; line-height: 16.7999992370605px;\"><br \/><\/span><\/div>\n<div><span style=\"color: rgb(48, 48, 48); font-family: Verdana; line-height: 16.7999992370605px;\">Menovit\u00fd v\u00fdkon do vzduchu: 7,5 kW<\/span><\/div>\n<div><span style=\"color: rgb(48, 48, 48); font-family: Verdana; line-height: 16.7999992370605px;\">Maxim\u00e1lna hodinov\u00e1 spotreba dreva: 2,2 kg \/ h<\/span><\/div>\n<div><span style=\"color: rgb(48, 48, 48); font-family: Verdana; line-height: 16.7999992370605px;\">Priemer dymovodu: 130 mm<\/span><\/div>\n<div><span style=\"color: rgb(48, 48, 48); font-family: Verdana; line-height: 16.7999992370605px;\">V\u00fdvod dymovodu: Horn\u00e9<\/span><\/div>\n<div><span style=\"color: rgb(48, 48, 48); font-family: Verdana; line-height: 16.7999992370605px;\">\u00da\u010dinnos\u0165: 81%<\/span><\/div>\n<div><span style=\"color: rgb(48, 48, 48); font-family: Verdana; line-height: 16.7999992370605px;\">Hmotnos\u0165: 143 kg<\/span><\/div>\n<div><span style=\"color: rgb(48, 48, 48); font-family: Verdana; line-height: 16.7999992370605px;\">V\u00fdhrevnos\u0165 priestoru pri zateplen\u00ed 35W \/ 1m\u00b3: 258 m\u00b3<\/span><\/div>\n<div><span style=\"color: rgb(48, 48, 48); font-family: Verdana; line-height: 16.7999992370605px;\">Priemer r\u00fary pre pr\u00edvod extern\u00e9ho vzduchu: Bez priameho napojenia<\/span><\/div>\n<div><span style=\"color: rgb(48, 48, 48); font-family: Verdana; line-height: 16.7999992370605px;\">V\u00fd\u0161ka: 848 mm<\/span><\/div>\n<div><span style=\"color: rgb(48, 48, 48); font-family: Verdana; line-height: 16.7999992370605px;\">\u0160\u00edrka: 964 mm<\/span><\/div>\n<div><span style=\"color: rgb(48, 48, 48); font-family: Verdana; line-height: 16.7999992370605px;\">H\u013abka: 641 mm<\/span><\/div>\n<div><span style=\"color: rgb(48, 48, 48); font-family: Verdana; line-height: 16.7999992370605px;\">Typ spa\u013eovania: Trojstup\u0148ov\u00e9<\/span><\/div>\n<div><span style=\"color: rgb(48, 48, 48); font-family: Verdana; line-height: 16.7999992370605px;\">Obklad: Oce\u013eov\u00fd smaltovan\u00fd pl\u00e1\u0161\u0165<\/span><\/div>\n<div><span style=\"color: rgb(48, 48, 48); font-family: Verdana; line-height: 16.7999992370605px;\">Kon\u0161trukcie spa\u013eovacieho priestoru: Liatina<\/span><\/div>\n<div><span style=\"color: rgb(48, 48, 48); font-family: Verdana; line-height: 16.7999992370605px;\">Typ ro\u0161tu: Pevn\u00fd- v\u00fdsuvn\u00fd<\/span><\/div>\n<div><span style=\"color: rgb(48, 48, 48); font-family: Verdana; line-height: 16.7999992370605px;\">Popoln\u00edk: Vyberate\u013en\u00fd<\/span><\/div>\n<div><span style=\"color: rgb(48, 48, 48); font-family: Verdana; line-height: 16.7999992370605px;\">Ve\u013ekos\u0165 polien: 300 mm<\/span><\/div>\n<div><span style=\"color: rgb(48, 48, 48); font-family: Verdana; line-height: 16.7999992370605px;\">Rozmer vstupn\u00e9ho otvoru do spa\u013eovacieho priestoru: 217&#215;190 mm<\/span><\/div>\n<div><span style=\"color: rgb(48, 48, 48); font-family: Verdana; line-height: 16.7999992370605px;\">Rozmery spa\u013eovacieho priestoru: 200x220x400 mm<\/span><\/div>\n<div><span style=\"color: rgb(48, 48, 48); font-family: Verdana; line-height: 16.7999992370605px;\">Prenos tepla: Konvek\u010dn\u00e9 a s\u00e1lan\u00edm<\/span><\/div>\n<div><span style=\"line-height: 16.8px;\"><\/p>\n<div style=\"color: rgb(102, 102, 102); font-family: &quot;Open Sans&quot;, sans-serif;\"><span style=\"color: rgb(48, 48, 48); font-family: Verdana; line-height: 16.8px;\">Energetick\u00e1 trieda&nbsp;<\/span><\/div>\n<h3 style=\"color: rgb(102, 102, 102); font-family: &quot;Open Sans&quot;, sans-serif;\"><span style=\"font-family: Verdana; line-height: 16.8px; color: rgb(0, 255, 0);\">A+<\/span><\/h3>\n<h5 style=\"\"><span style=\"color: rgb(0, 0, 0); font-family: Arial;\">Farebn\u00e9 prevedenia:<br \/><\/span><span style=\"color: rgb(0, 0, 0); font-family: Arial;\">SMALTOVAN\u00c1 OCE\u013d \u010cIERNA &#8211; ANTRACIT<\/span><span style=\"color: rgb(0, 0, 0); font-family: Arial;\"><br \/><\/span><span style=\"color: rgb(0, 0, 0); font-family: Arial;\">SMALTOVAN\u00c1 OCE\u013d BIELA<\/span><span style=\"color: rgb(0, 0, 0); font-family: Arial;\"><br \/><\/span><span style=\"color: rgb(0, 0, 0); font-family: Arial;\">SMALTOVAN\u00c1 OCE\u013d CAPPUCCINO<\/span><span style=\"color: rgb(0, 0, 0); font-family: Arial;\"><br \/><\/span><span style=\"color: rgb(0, 0, 0); font-family: Arial;\"><br \/><\/span><\/h5>\n<h5 style=\"\"><span style=\"color: rgb(0, 0, 0); font-family: Arial;\">Pr\u00edslu\u0161enstvo za pr\u00edplatok:<br \/><\/span><span style=\"color: rgb(0, 0, 0); font-family: Arial;\">NEREZOV\u00dd RO\u0160T DO R\u00daRY NA PE\u010cENIE<\/span><span style=\"color: rgb(0, 0, 0); font-family: Arial;\"><br \/><\/span><span style=\"color: rgb(0, 0, 0); font-family: Arial;\">N\u00c1HRADN\u00dd SMALTOVAN\u00dd PLECH DO R\u00daRY NA PE\u010cENIE<\/span><span style=\"color: rgb(0, 0, 0); font-family: Arial;\"><br \/><\/span><span style=\"color: rgb(0, 0, 0); font-family: Arial;\">NEREZOV\u00c1 N\u00c1DOBA NA OHRIEVANIE<\/span><span style=\"color: rgb(0, 0, 0); font-family: Arial;\"><br \/><\/span><br \/><\/h5>\n<h3 style=\"\"><span style=\"line-height: 16.8px; color: rgb(0, 0, 0); font-family: Arial;\"><\/span><\/h3>\n<p><\/span><\/div>\n","protected":false},"excerpt":{"rendered":"<p>Kuchynsk\u00fd spor\u00e1k La Nordica Sovrana Evo 2.0 Spor\u00e1k Sovrana je prec\u00edzny v\u00fdrobok s dokonal\u00fdm vyu\u017eit\u00edm v\u0161etk\u00fdch miest v kon\u0161trukcii. Varn\u00e1 plat\u0148a je z liatiny, presklen\u00e9 ohnisko a r\u00fary s kontroln\u00fdm teplomerom. V priestore pod t\u00fdm je \u0161upl\u00edk na ohrievanie tanierov alebo in\u00fdch jed\u00e1l ale m\u00f4\u017ee tie\u017e sl\u00fa\u017ei\u0165 ako su\u0161iare\u0148. \u00daplne dole je vys\u00favac\u00ed z\u00e1sobn\u00edk na [&hellip;]<\/p>\n","protected":false},"featured_media":1765,"comment_status":"open","ping_status":"closed","template":"","meta":[],"product_brand":[],"product_cat":[216,219,263],"product_tag":[],"class_list":{"0":"post-1771","1":"product","2":"type-product","3":"status-publish","4":"has-post-thumbnail","6":"product_cat-sporaky","7":"product_cat-nordica-sporaky","8":"product_cat-akcie","10":"first","11":"onbackorder","12":"sale","13":"taxable","14":"shipping-taxable","15":"purchasable","16":"product-type-simple"},"_links":{"self":[{"href":"https:\/\/flamaecol.sk\/en\/wp-json\/wp\/v2\/product\/1771","targetHints":{"allow":["GET"]}}],"collection":[{"href":"https:\/\/flamaecol.sk\/en\/wp-json\/wp\/v2\/product"}],"about":[{"href":"https:\/\/flamaecol.sk\/en\/wp-json\/wp\/v2\/types\/product"}],"replies":[{"embeddable":true,"href":"https:\/\/flamaecol.sk\/en\/wp-json\/wp\/v2\/comments?post=1771"}],"wp:featuredmedia":[{"embeddable":true,"href":"https:\/\/flamaecol.sk\/en\/wp-json\/wp\/v2\/media\/1765"}],"wp:attachment":[{"href":"https:\/\/flamaecol.sk\/en\/wp-json\/wp\/v2\/media?parent=1771"}],"wp:term":[{"taxonomy":"product_brand","embeddable":true,"href":"https:\/\/flamaecol.sk\/en\/wp-json\/wp\/v2\/product_brand?post=1771"},{"taxonomy":"product_cat","embeddable":true,"href":"https:\/\/flamaecol.sk\/en\/wp-json\/wp\/v2\/product_cat?post=1771"},{"taxonomy":"product_tag","embeddable":true,"href":"https:\/\/flamaecol.sk\/en\/wp-json\/wp\/v2\/product_tag?post=1771"}],"curies":[{"name":"wp","href":"https:\/\/api.w.org\/{rel}","templated":true}]}}