{"id":1769,"date":"2015-02-26T21:48:24","date_gmt":"2015-02-26T19:48:24","guid":{"rendered":"https:\/\/flamaecol.sk\/produkt\/sporaklanordicarosettamaiolica-3\/"},"modified":"2015-02-26T21:48:24","modified_gmt":"2015-02-26T19:48:24","slug":"sporaklanordicarosettamaiolica-3","status":"publish","type":"product","link":"https:\/\/flamaecol.sk\/en\/produkt\/sporaklanordicarosettamaiolica-3\/","title":{"rendered":"La Nordica Rosetta Maiolica"},"content":{"rendered":"<h4><span style=\"color: rgb(48, 48, 48); font-family: Verdana; line-height: 16.7999992370605px;\">Kuchynsk\u00fd spor\u00e1k La Nordica Rosetta Maiolica<\/span><\/h4>\n<div><span style=\"color: rgb(48, 48, 48); font-family: Verdana; line-height: 16.7999992370605px;\"><br \/><\/span><\/div>\n<div><span style=\"color: rgb(48, 48, 48); font-family: Verdana; line-height: 16.7999992370605px;\">Vylep\u0161en\u00fd typ m\u00e1 7,2 kW a \u00fa\u010dinnos\u0165 82% s ve\u013emi n\u00edzkymi emisiami CO a prachov\u00fdch \u010dast\u00edc. Rosetta je proti typu Rosa u\u017e\u0161ia a m\u00e1 men\u0161iu r\u00faru. Typ, ktor\u00fd sa te\u0161\u00ed u\u017e ve\u013ea rokov najv\u00e4\u010d\u0161ej ob\u013eube. Obrovsk\u00e9 krbov\u00e9 presklenie s ve\u013ek\u00fdm ohniskom umo\u017e\u0148uje priklada\u0165 aj ve\u013ek\u00e1 polen\u00e1. Prec\u00edzne prevedenie so zosilnenou liatinovou plat\u0148ou a v\u0161etk\u00fdmi dvierkami z liatiny navodzuje dojem mas\u00edvneho v\u00fdrobku. Trojit\u00e9 ekologick\u00e9 spa\u013eovanie s oplachom skla tepl\u00fdm vzduchom m\u00e1 vplyv na n\u00edzke zan\u00e1\u0161anie dymov\u00fdch ciest, vysok\u00fa \u00fa\u010dinnos\u0165 a n\u00edzke emisie oxidu uhli\u010dit\u00e9ho. Kach\u013eov\u00e9 oblo\u017eenie m\u00e1 nielen estetick\u00fd charakter ale tie\u017e izoluje hor\u00face vn\u00fatorn\u00e9 steny<\/span><\/div>\n<div><span style=\"color: rgb(48, 48, 48); font-family: Verdana; line-height: 16.7999992370605px;\"><br \/><\/span><\/div>\n<div><span style=\"color: rgb(48, 48, 48); font-family: Verdana; line-height: 16.7999992370605px;\">TECHNICK\u00c9 PARAMETRE<\/span><\/div>\n<div><span style=\"color: rgb(48, 48, 48); font-family: Verdana; line-height: 16.7999992370605px;\"><br \/><\/span><\/div>\n<div><span style=\"color: rgb(48, 48, 48); font-family: Verdana; line-height: 16.7999992370605px;\">Menovit\u00fd v\u00fdkon do vzduchu: 7,2 kW<\/span><\/div>\n<div><span style=\"color: rgb(48, 48, 48); font-family: Verdana; line-height: 16.7999992370605px;\">Maxim\u00e1lna hodinov\u00e1 spotreba dreva: 2 kg \/ h<\/span><\/div>\n<div><span style=\"color: rgb(48, 48, 48); font-family: Verdana; line-height: 16.7999992370605px;\">Priemer dymovodu: 130 mm<\/span><\/div>\n<div><span style=\"color: rgb(48, 48, 48); font-family: Verdana; line-height: 16.7999992370605px;\">V\u00fdvod dymovodu: Horn\u00e9<\/span><\/div>\n<div><span style=\"color: rgb(48, 48, 48); font-family: Verdana; line-height: 16.7999992370605px;\">\u00da\u010dinnos\u0165: 82%<\/span><\/div>\n<div><span style=\"color: rgb(48, 48, 48); font-family: Verdana; line-height: 16.7999992370605px;\">Hmotnos\u0165: 169 kg<\/span><\/div>\n<div><span style=\"color: rgb(48, 48, 48); font-family: Verdana; line-height: 16.7999992370605px;\">V\u00fdhrevnos\u0165 priestoru pri zateplen\u00ed 50W \/ 1m\u00b3: 172 m\u00b3<\/span><\/div>\n<div><span style=\"color: rgb(48, 48, 48); font-family: Verdana; line-height: 16.7999992370605px;\">Priemer r\u00fary pre pr\u00edvod extern\u00e9ho vzduchu: Bez priameho napojenia<\/span><\/div>\n<div><span style=\"color: rgb(48, 48, 48); font-family: Verdana; line-height: 16.7999992370605px;\">V\u00fd\u0161ka: 843 mm<\/span><\/div>\n<div><span style=\"color: rgb(48, 48, 48); font-family: Verdana; line-height: 16.7999992370605px;\">\u0160\u00edrka: 869 mm<\/span><\/div>\n<div><span style=\"color: rgb(48, 48, 48); font-family: Verdana; line-height: 16.7999992370605px;\">H\u013abka: 572 mm<\/span><\/div>\n<div><span style=\"color: rgb(48, 48, 48); font-family: Verdana; line-height: 16.7999992370605px;\">Typ spa\u013eovania: Trojstup\u0148ov\u00e9<\/span><\/div>\n<div><span style=\"color: rgb(48, 48, 48); font-family: Verdana; line-height: 16.7999992370605px;\">Obklad: Kachle<\/span><\/div>\n<div><span style=\"color: rgb(48, 48, 48); font-family: Verdana; line-height: 16.7999992370605px;\">Kon\u0161trukcie spa\u013eovacieho priestoru: Liatina<\/span><\/div>\n<div><span style=\"color: rgb(48, 48, 48); font-family: Verdana; line-height: 16.7999992370605px;\">Typ ro\u0161tu: Pevn\u00fd<\/span><\/div>\n<div><span style=\"color: rgb(48, 48, 48); font-family: Verdana; line-height: 16.7999992370605px;\">Popoln\u00edk: Vyberate\u013en\u00fd<\/span><\/div>\n<div><span style=\"color: rgb(48, 48, 48); font-family: Verdana; line-height: 16.7999992370605px;\">Ve\u013ekos\u0165 polien: 300 mm<\/span><\/div>\n<div><span style=\"color: rgb(48, 48, 48); font-family: Verdana; line-height: 16.7999992370605px;\">Rozmer vstupn\u00e9ho otvoru do spa\u013eovacieho priestoru: 209&#215;265 mm<\/span><\/div>\n<div><span style=\"color: rgb(48, 48, 48); font-family: Verdana; line-height: 16.7999992370605px;\">Rozmery spa\u013eovacieho priestoru: 350x230x382 mm<\/span><\/div>\n<div><span style=\"color: rgb(48, 48, 48); font-family: Verdana; line-height: 16.7999992370605px;\">Prenos tepla: S\u00e1lan\u00edm<\/span><\/div>\n<div><span style=\"color: rgb(48, 48, 48); font-family: Verdana; line-height: 16.7999992370605px;\"><\/p>\n<div style=\"color: rgb(102, 102, 102); font-family: &quot;Open Sans&quot;, sans-serif;\"><span style=\"color: rgb(48, 48, 48); font-family: Verdana; line-height: 16.8px;\">Energetick\u00e1 trieda&nbsp;<\/span><\/div>\n<h3 style=\"font-family: &quot;Open Sans&quot;, sans-serif; color: rgb(102, 102, 102);\"><span style=\"font-family: Verdana; line-height: 16.8px; color: rgb(0, 255, 0);\">A+<\/span><\/h3>\n<p><\/span><\/div>\n","protected":false},"excerpt":{"rendered":"<p>Kuchynsk\u00fd spor\u00e1k La Nordica Rosetta Maiolica Vylep\u0161en\u00fd typ m\u00e1 7,2 kW a \u00fa\u010dinnos\u0165 82% s ve\u013emi n\u00edzkymi emisiami CO a prachov\u00fdch \u010dast\u00edc. Rosetta je proti typu Rosa u\u017e\u0161ia a m\u00e1 men\u0161iu r\u00faru. Typ, ktor\u00fd sa te\u0161\u00ed u\u017e ve\u013ea rokov najv\u00e4\u010d\u0161ej ob\u013eube. Obrovsk\u00e9 krbov\u00e9 presklenie s ve\u013ek\u00fdm ohniskom umo\u017e\u0148uje priklada\u0165 aj ve\u013ek\u00e1 polen\u00e1. Prec\u00edzne prevedenie so [&hellip;]<\/p>\n","protected":false},"featured_media":1752,"comment_status":"open","ping_status":"closed","template":"","meta":[],"product_brand":[],"product_cat":[216,219],"product_tag":[],"class_list":{"0":"post-1769","1":"product","2":"type-product","3":"status-publish","4":"has-post-thumbnail","6":"product_cat-sporaky","7":"product_cat-nordica-sporaky","9":"first","10":"onbackorder","11":"taxable","12":"shipping-taxable","13":"purchasable","14":"product-type-simple"},"_links":{"self":[{"href":"https:\/\/flamaecol.sk\/en\/wp-json\/wp\/v2\/product\/1769","targetHints":{"allow":["GET"]}}],"collection":[{"href":"https:\/\/flamaecol.sk\/en\/wp-json\/wp\/v2\/product"}],"about":[{"href":"https:\/\/flamaecol.sk\/en\/wp-json\/wp\/v2\/types\/product"}],"replies":[{"embeddable":true,"href":"https:\/\/flamaecol.sk\/en\/wp-json\/wp\/v2\/comments?post=1769"}],"wp:featuredmedia":[{"embeddable":true,"href":"https:\/\/flamaecol.sk\/en\/wp-json\/wp\/v2\/media\/1752"}],"wp:attachment":[{"href":"https:\/\/flamaecol.sk\/en\/wp-json\/wp\/v2\/media?parent=1769"}],"wp:term":[{"taxonomy":"product_brand","embeddable":true,"href":"https:\/\/flamaecol.sk\/en\/wp-json\/wp\/v2\/product_brand?post=1769"},{"taxonomy":"product_cat","embeddable":true,"href":"https:\/\/flamaecol.sk\/en\/wp-json\/wp\/v2\/product_cat?post=1769"},{"taxonomy":"product_tag","embeddable":true,"href":"https:\/\/flamaecol.sk\/en\/wp-json\/wp\/v2\/product_tag?post=1769"}],"curies":[{"name":"wp","href":"https:\/\/api.w.org\/{rel}","templated":true}]}}