{"id":1745,"date":"2015-02-26T21:39:55","date_gmt":"2015-02-26T19:39:55","guid":{"rendered":"https:\/\/flamaecol.sk\/produkt\/sporaklanordicarosamaiolica-2\/"},"modified":"2025-01-31T12:49:30","modified_gmt":"2025-01-31T10:49:30","slug":"sporaklanordicarosamaiolica-2","status":"publish","type":"product","link":"https:\/\/flamaecol.sk\/en\/produkt\/sporaklanordicarosamaiolica-2\/","title":{"rendered":"La Nordica Rosa 5.0 Maiolica"},"content":{"rendered":"<h2><span style=\"color: #303030;font-family: Verdana;line-height: 16.7999992370605px\">Kuchynsk\u00fd spor\u00e1k La Nordica Rosa 5.0 Maiolica<\/span><\/h2>\n<div><span style=\"color: #303030;font-family: Verdana;line-height: 16.7999992370605px\">\u00a0<\/span><\/div>\n<div><span style=\"color: #303030;font-family: Verdana;line-height: 16.7999992370605px\">Kuchynsk\u00fd spor\u00e1k na drevo z liatiny, ocele a kachle. Tri najlep\u0161ie materi\u00e1ly pou\u017eit\u00e9 pre krb, k\u00farenie drevom a k tomu varenie a pe\u010denie.<\/span><span style=\"color: #303030;font-family: Verdana;line-height: 16.7999992370605px\"><br class=\"avia-permanent-lb\" \/>Obrovsk\u00e9 krbov\u00e9 presklenie s ve\u013ek\u00fdm ohniskom umo\u017e\u0148uje priklada\u0165 aj ve\u013ek\u00e1 polen\u00e1.<\/span><\/div>\n<div><span style=\"color: #303030;font-family: Verdana;line-height: 16.7999992370605px\">Prec\u00edzne prevedenie so zosilnenou liatinovou plat\u0148ou a v\u0161etk\u00fdmi dvierkami z liatiny dokladuje mas\u00edvnos\u0165 v\u00fdrobku.<br class=\"avia-permanent-lb\" \/>Dvojit\u00e9 ekologick\u00e9 spa\u013eovanie s oplachom skla tepl\u00fdm vzduchom m\u00e1 vplyv na n\u00edzke zan\u00e1\u0161anie dymov\u00fdch ciest, vysok\u00fa \u00fa\u010dinnos\u0165 a n\u00edzke emisie oxidu uhli\u010dit\u00e9ho. <br class=\"avia-permanent-lb\" \/>Kach\u013eov\u00e9 oblo\u017eenie je vytvoren\u00e9 z dvoch ve\u013ek\u00fdch panelov zasahuj\u00facich a\u017e do str\u00e1n. <br class=\"avia-permanent-lb\" \/>Navrhnut\u00fd reli\u00e9f je v preveden\u00ed bielej a bordovej (leskl\u00fd) v preveden\u00ed Tortora (matn\u00fd). <br class=\"avia-permanent-lb\" \/><br class=\"avia-permanent-lb\" \/><br class=\"avia-permanent-lb\" \/><\/span><\/div>\n<div><span style=\"color: #303030;font-family: Verdana\"><span style=\"color: #303030;font-family: Verdana\"><strong>TECHNICK\u00c9 PARAMETRE:<\/strong><br class=\"avia-permanent-lb\" \/>Nomin\u00e1lny v\u00fdkon (kW) 8,8<br \/>\nRozsah v\u00fdkonu (kW) 4 \u2013 10<br \/>\nVykurovacia schopnos\u0165 (m3) 80 \u2013 252<br \/>\nSpotreba paliva pri nomin\u00e1lnom v\u00fdkone 2,5<br \/>\n\u00da\u010dinnos\u0165 (%) 85,4<br \/>\nRozmer &#8211; V x \u0160 x H 854 x 1030 x 650<br \/>\nV\u00e1ha s obalom (Brutto) 224<br \/>\nV\u00e1ha bez obalu (Netto) 204<br \/>\nMax. d\u013a\u017eka polena (cm) 35<br \/>\nPovolen\u00e9 paliv\u00e1 Drevo, ekobrikety<br \/>\n\u00d8 dymovodu 150<br \/>\nPriemer dymovodu (mm) 150<br \/>\nEmisn\u00e1 hodnota CO 0,048<br \/>\nZadn\u00e9 pripojenie dymovodu \u00e1no<br \/>\nHorn\u00e9 pripojenie dymovodu \u00e1no<br \/>\nExtern\u00fd pr\u00edvod vzduchu Do medzipl\u00e1\u0161\u0165a (nie priamo do ohniska)<br \/>\nPlatni\u010dka \u00c1no<br \/>\nIntegrovan\u00e1 r\u00fara \u00e1no<br \/>\nVe\u013ekos\u0165 r\u00fary (V x \u0160 x H) 300x330x410<br \/>\nFarba Bord\u00f3, Tortora, biela<br \/>\nVentil\u00e1tor nie<\/span><\/span><\/div>\n<div><span style=\"color: #303030;font-family: Verdana;line-height: 16.7999992370605px\">\u00a0<\/span><\/div>\n<div><\/div>\n","protected":false},"excerpt":{"rendered":"<p>Kon\u0161trukcia spor\u00e1ku Rosa 5.0 Maiolica je z liatiny, ocele a z keramick\u00fdch kachl\u00ed.<\/p>\n","protected":false},"featured_media":4726,"comment_status":"open","ping_status":"closed","template":"","meta":[],"product_brand":[],"product_cat":[216,219],"product_tag":[],"class_list":{"0":"post-1745","1":"product","2":"type-product","3":"status-publish","4":"has-post-thumbnail","6":"product_cat-sporaky","7":"product_cat-nordica-sporaky","9":"first","10":"instock","11":"sale","12":"taxable","13":"shipping-taxable","14":"purchasable","15":"product-type-simple"},"_links":{"self":[{"href":"https:\/\/flamaecol.sk\/en\/wp-json\/wp\/v2\/product\/1745","targetHints":{"allow":["GET"]}}],"collection":[{"href":"https:\/\/flamaecol.sk\/en\/wp-json\/wp\/v2\/product"}],"about":[{"href":"https:\/\/flamaecol.sk\/en\/wp-json\/wp\/v2\/types\/product"}],"replies":[{"embeddable":true,"href":"https:\/\/flamaecol.sk\/en\/wp-json\/wp\/v2\/comments?post=1745"}],"wp:featuredmedia":[{"embeddable":true,"href":"https:\/\/flamaecol.sk\/en\/wp-json\/wp\/v2\/media\/4726"}],"wp:attachment":[{"href":"https:\/\/flamaecol.sk\/en\/wp-json\/wp\/v2\/media?parent=1745"}],"wp:term":[{"taxonomy":"product_brand","embeddable":true,"href":"https:\/\/flamaecol.sk\/en\/wp-json\/wp\/v2\/product_brand?post=1745"},{"taxonomy":"product_cat","embeddable":true,"href":"https:\/\/flamaecol.sk\/en\/wp-json\/wp\/v2\/product_cat?post=1745"},{"taxonomy":"product_tag","embeddable":true,"href":"https:\/\/flamaecol.sk\/en\/wp-json\/wp\/v2\/product_tag?post=1745"}],"curies":[{"name":"wp","href":"https:\/\/api.w.org\/{rel}","templated":true}]}}