{"id":1722,"date":"2015-02-26T07:43:43","date_gmt":"2015-02-26T05:43:43","guid":{"rendered":"https:\/\/flamaecol.sk\/produkt\/sporaklanordicarosareverse-2\/"},"modified":"2025-01-31T13:49:55","modified_gmt":"2025-01-31T11:49:55","slug":"sporaklanordicarosareverse-2","status":"publish","type":"product","link":"https:\/\/flamaecol.sk\/en\/produkt\/sporaklanordicarosareverse-2\/","title":{"rendered":"La Nordica Rosa Reverse 2.0"},"content":{"rendered":"<h2><span style=\"color: #303030;font-family: Verdana;line-height: 16.7999992370605px\">Kuchynsk\u00fd spor\u00e1k La Nordica Rosa Reverse 2.0 <br class=\"avia-permanent-lb\" \/><br class=\"avia-permanent-lb\" \/><\/span><\/h2>\n<div><span style=\"color: #303030;font-family: Verdana;line-height: 16.7999992370605px\">Trojit\u00e9 spa\u013eovanie, ve\u013ek\u00e9 presklen\u00e9 dvierka, \u00fa\u010dinnos\u0165 cez 86%, liatinov\u00e1 plat\u0148a br\u00fasen\u00e1 do absol\u00fatnej roviny m\u00e1 v spodnej \u010dasti v\u00fdstuhy, tak\u017ee nem\u00f4\u017ee d\u00f4js\u0165 k deform\u00e1ci\u00ed a praskaniu. <br class=\"avia-permanent-lb\" \/>Zabudovan\u00e1 mal\u00e1 r\u00fara neskuto\u010dne pe\u010die a m\u00e1 zabudovan\u00fd teplomer, pre presnej\u0161ie pe\u010denie. <br class=\"avia-permanent-lb\" \/><\/span><\/div>\n<div><span style=\"color: #303030;font-family: Verdana;line-height: 16.7999992370605px\">Tri najlep\u0161ie materi\u00e1ly pou\u017eit\u00e9 pre krb, k\u00farenie drevom ak tomu varenie a pe\u010denie. Typ \u0161tartuj\u00faci nov\u00fa \u00e9ru kuchynsk\u00e9ho vyu\u017eitia s maxim\u00e1lnou \u00fa\u010dinnos\u0165ou, najni\u017e\u0161\u00edmi emisiami CO a produkovan\u00fdmi prachov\u00fdmi \u010dasticami 15mg.\u00a0 <br class=\"avia-permanent-lb\" \/><\/span><\/div>\n<div><span style=\"color: #303030;font-family: Verdana;line-height: 16.7999992370605px\">Obrovsk\u00e9 krbov\u00e9 presklenie s ve\u013ek\u00fdm ohniskom umo\u017e\u0148uje priklada\u0165 aj ve\u013ek\u00e1 polen\u00e1. <br class=\"avia-permanent-lb\" \/>Prec\u00edzne prevedenie so zosilnenou liatinovou plat\u0148ou a v\u0161etk\u00fdmi dvierkami z liatiny dokladuje mas\u00edvnos\u0165 v\u00fdrobku. <br class=\"avia-permanent-lb\" \/><\/span><\/div>\n<div><span style=\"color: #303030;font-family: Verdana;line-height: 16.7999992370605px\"><span style=\"color: #303030;font-family: Verdana;line-height: 16.7999992370605px\">Trojit\u00e9 ekologick\u00e9 spa\u013eovanie s oplachom skla tepl\u00fdm vzduchom m\u00e1 vplyv na n\u00edzke zan\u00e1\u0161anie dymov\u00fdch ciest, vysok\u00fa \u00fa\u010dinnos\u0165 a n\u00edzke emisie oxidu uhli\u010dit\u00e9ho. <br class=\"avia-permanent-lb\" \/>Kach\u013eov\u00e9 oblo\u017eenie je vytvoren\u00e9 z dvoch ve\u013ek\u00fdch panelov zasahuj\u00facich a\u017e do str\u00e1n. <br class=\"avia-permanent-lb\" \/>Navrhnut\u00fd reli\u00e9f je v preveden\u00ed pergamena a bordov\u00e1 leskl\u00e1. <br class=\"avia-permanent-lb\" \/>V\u00fdvod pre napojenie dymovodu je napravo a m\u00f4\u017ee by\u0165 hore alebo dozadu. <br class=\"avia-permanent-lb\" \/>Opa\u010dn\u00fd v\u00fdvod pre napojenie na kom\u00edn na druhej strane m\u00e1 spor\u00e1k Rosa Reverse Sinistra.<br class=\"avia-permanent-lb\" \/>R\u00fara na pe\u010denie s objemom 28 litrov je obojstranne smaltovan\u00e1, tak\u017ee povrch je odoln\u00fd proti prep\u00e1leniu a \u013eahko sa udr\u017euje. <br class=\"avia-permanent-lb\" \/><br class=\"avia-permanent-lb\" \/><\/span><\/span><\/div>\n<div><span style=\"color: #303030;font-family: Verdana;line-height: 16.7999992370605px\">\u00a0<\/span><\/div>\n<div><strong><span style=\"color: #303030;font-family: Verdana;line-height: 16.7999992370605px\">Technick\u00e9 parametre:<\/span><\/strong><\/div>\n<ul>\n<li><span style=\"color: #303030;font-family: Verdana;line-height: 16.7999992370605px\"> Nomin\u00e1lny v\u00fdkon (kW) 8,2<br \/>\n<\/span><\/li>\n<li><span style=\"color: #303030;font-family: Verdana;line-height: 16.7999992370605px\">Vykurovacia schopnos\u0165 (m3) 80 \u2013 240<br \/>\n<\/span><\/li>\n<li><span style=\"color: #303030;font-family: Verdana;line-height: 16.7999992370605px\">Spotreba paliva pri nomin\u00e1lnom v\u00fdkone 2,3<br \/>\n<\/span><\/li>\n<li><span style=\"color: #303030;font-family: Verdana;line-height: 16.7999992370605px\">Typ produktu spor\u00e1ky<br \/>\n<\/span><\/li>\n<li><span style=\"color: #303030;font-family: Verdana;line-height: 16.7999992370605px\">Palivo drevo (ekobrikety)<br \/>\n<\/span><\/li>\n<li><span style=\"color: #303030;font-family: Verdana;line-height: 16.7999992370605px\">\u00da\u010dinnos\u0165 (%) 86,5<br \/>\n<\/span><\/li>\n<li><span style=\"color: #303030;font-family: Verdana;line-height: 16.7999992370605px\">Rozmer &#8211; V x \u0160 x H 851 x 1030 x 666<br \/>\n<\/span><\/li>\n<li><span style=\"color: #303030;font-family: Verdana;line-height: 16.7999992370605px\">V\u00e1ha bez obalu (Netto) 183<br \/>\n<\/span><\/li>\n<li><span style=\"color: #303030;font-family: Verdana;line-height: 16.7999992370605px\">V\u00e1ha s obalom (Brutto) 193<br \/>\n<\/span><\/li>\n<li><span style=\"color: #303030;font-family: Verdana;line-height: 16.7999992370605px\">Max. d\u013a\u017eka polena (cm) 35<br \/>\n<\/span><\/li>\n<li><span style=\"color: #303030;font-family: Verdana;line-height: 16.7999992370605px\">\u00d8 dymovodu 150<br \/>\n<\/span><\/li>\n<li><span style=\"color: #303030;font-family: Verdana;line-height: 16.7999992370605px\">Emisn\u00e1 hodnota CO 0,05<br \/>\n<\/span><\/li>\n<li><span style=\"color: #303030;font-family: Verdana;line-height: 16.7999992370605px\">Zadn\u00e9 pripojenie dymovodu \u00e1no<br \/>\n<\/span><\/li>\n<li><span style=\"color: #303030;font-family: Verdana;line-height: 16.7999992370605px\">Horn\u00e9 pripojenie dymovodu \u00e1no<br \/>\n<\/span><\/li>\n<li><span style=\"color: #303030;font-family: Verdana;line-height: 16.7999992370605px\">Vzdialenos\u0165 od stredu horn\u00e9ho v\u00fdvodu po zadn\u00fd okraj kachl\u00ed 119<br \/>\n<\/span><\/li>\n<li><span style=\"color: #303030;font-family: Verdana;line-height: 16.7999992370605px\">Extern\u00fd pr\u00edvod vzduchu \u00e1no<br \/>\n<\/span><\/li>\n<li><span style=\"color: #303030;font-family: Verdana;line-height: 16.7999992370605px\">Platni\u010dka \u00c1no<br \/>\n<\/span><\/li>\n<li><span style=\"color: #303030;font-family: Verdana;line-height: 16.7999992370605px\">V\u00fd\u0161ka horn\u00e9ho napojenia od zeme po golier dymovodu 901<\/span><\/li>\n<li><span style=\"color: #303030;font-family: Verdana;line-height: 16.7999992370605px\">Integrovan\u00e1 r\u00fara \u00e1no<\/span><\/li>\n<li><span style=\"color: #303030;font-family: Verdana;line-height: 16.7999992370605px\">\u00d8 r\u00farky extern\u00e9ho pr\u00edvodu vzduchu 100<br \/>\n<\/span><\/li>\n<li><span style=\"color: #303030;font-family: Verdana;line-height: 16.7999992370605px\">Ve\u013ekos\u0165 r\u00fary (V x \u0160 x H) 300x245x384<br \/>\n<\/span><\/li>\n<li><span style=\"color: #303030;font-family: Verdana;line-height: 16.7999992370605px\">Vzdialenos\u0165 od zeme po stred r\u00fary ext. pr\u00edvodu vzduchu 415<br \/>\n<\/span><\/li>\n<li><span style=\"color: #303030;font-family: Verdana;line-height: 16.7999992370605px\">Farba Bord\u00f3, Pergamena<\/span><\/li>\n<\/ul>\n","protected":false},"excerpt":{"rendered":"<p>Kvalitn\u00fd liatinov\u00fd spor\u00e1k na k\u00farenie drevom a dreven\u00fdmi briketami s ve\u013ek\u00fdm presklen\u00fdm ohniskom a kach\u013eov\u00fdm obkladom.<\/p>\n","protected":false},"featured_media":1711,"comment_status":"open","ping_status":"closed","template":"","meta":[],"product_brand":[],"product_cat":[216,219,263],"product_tag":[],"class_list":{"0":"post-1722","1":"product","2":"type-product","3":"status-publish","4":"has-post-thumbnail","6":"product_cat-sporaky","7":"product_cat-nordica-sporaky","8":"product_cat-akcie","10":"first","11":"onbackorder","12":"sale","13":"taxable","14":"shipping-taxable","15":"purchasable","16":"product-type-simple"},"_links":{"self":[{"href":"https:\/\/flamaecol.sk\/en\/wp-json\/wp\/v2\/product\/1722","targetHints":{"allow":["GET"]}}],"collection":[{"href":"https:\/\/flamaecol.sk\/en\/wp-json\/wp\/v2\/product"}],"about":[{"href":"https:\/\/flamaecol.sk\/en\/wp-json\/wp\/v2\/types\/product"}],"replies":[{"embeddable":true,"href":"https:\/\/flamaecol.sk\/en\/wp-json\/wp\/v2\/comments?post=1722"}],"wp:featuredmedia":[{"embeddable":true,"href":"https:\/\/flamaecol.sk\/en\/wp-json\/wp\/v2\/media\/1711"}],"wp:attachment":[{"href":"https:\/\/flamaecol.sk\/en\/wp-json\/wp\/v2\/media?parent=1722"}],"wp:term":[{"taxonomy":"product_brand","embeddable":true,"href":"https:\/\/flamaecol.sk\/en\/wp-json\/wp\/v2\/product_brand?post=1722"},{"taxonomy":"product_cat","embeddable":true,"href":"https:\/\/flamaecol.sk\/en\/wp-json\/wp\/v2\/product_cat?post=1722"},{"taxonomy":"product_tag","embeddable":true,"href":"https:\/\/flamaecol.sk\/en\/wp-json\/wp\/v2\/product_tag?post=1722"}],"curies":[{"name":"wp","href":"https:\/\/api.w.org\/{rel}","templated":true}]}}