{"id":1710,"date":"2015-02-26T07:36:30","date_gmt":"2015-02-26T05:36:30","guid":{"rendered":"https:\/\/flamaecol.sk\/produkt\/sporaklanordicasovranaeasy-2\/"},"modified":"2015-02-26T07:36:30","modified_gmt":"2015-02-26T05:36:30","slug":"sporaklanordicasovranaeasy-2","status":"publish","type":"product","link":"https:\/\/flamaecol.sk\/en\/produkt\/sporaklanordicasovranaeasy-2\/","title":{"rendered":"La Nordica Sovrana Easy"},"content":{"rendered":"<h4>Kuchynsk\u00fd spor\u00e1k La Nordica Sovrana Easy<\/h4>\n<div><\/div>\n<div>Spor\u00e1k Sovrana Easy je prec\u00edzny v\u00fdrobok s dokonal\u00fdm vyu\u017eit\u00edm v\u0161etk\u00fdch miest v kon\u0161trukcii. Varn\u00e1 plat\u0148a je z liatiny, presklenn\u00e9 ohnisko a r\u00fary s kontroln\u00fdm teplomerom. \u00daplne dole je vys\u00favac\u00ed z\u00e1sobn\u00edk na drevo. Regul\u00e1cia prim\u00e1rneho aj sekund\u00e1rneho vzduchu je doplnen\u00e1 e\u0161te o automatick\u00fd terci\u00e1rny vzduch. T\u00e1to kombin\u00e1cia zni\u017euje emisie CO2 a zv\u00fd\u0161ila \u00fa\u010dinnos\u0165 k 80%. Bo\u010dn\u00e9 steny maj\u00fa vzduchov\u00fa medzeru kde sa ohrieva priechodom vzduch. Toto teplovzdu\u0161n\u00e9 vykurovanie nepotrebuje \u017eiadnu ventil\u00e1ciu aby sa ohriali aj vzdialen\u00e9 k\u00faty vykurovan\u00e9ho priestoru.<\/div>\n<div><\/div>\n<div>Z\u00e1kladn\u00fd korpus je zosaden\u00fd z oce\u013eov\u00fdch smaltovan\u00fdch plechov, vn\u00fatri a vzadu pozinkovan\u00fdch pre zamedzenie kor\u00f3zie. Ohnisko a ro\u0161t je osaden\u00e9 liatinov\u00fdmi blokmi, ktor\u00e9 sa daj\u00fa len \u0165a\u017eko po\u0161kodi\u0165. Liatinov\u00e1 plat\u0148a je zabr\u00fasen\u00e9 pre lep\u0161\u00ed prevod tepla a priamo nad ohniskom je \u0161es\u0165 delen\u00fdch liatinov\u00fdch kruhov pre odstr\u00e1nenie prasknutia. V\u0161etky dvierka s\u00fa osaden\u00e9 na prec\u00edznych p\u00e1ntoch s vratn\u00fdm perom a je jasn\u00e9, \u017ee aj dlhodob\u00e1 prev\u00e1dzka ju nepo\u0161kod\u00ed! <\/div>\n<div>Cel\u00e1 r\u00fara je obojstranne potiahnut\u00e1 porcel\u00e1nov\u00fdm smaltom, tak\u017ee je vo vn\u00fatri v\u017edy hygienick\u00e1 a povrch je odoln\u00e1 proti prep\u00e1leniu. R\u00fara ved\u013ea ohniska m\u00e1 vo dvierkach integrovan\u00fd teplomer pre r\u00fdchlu kontrolu teploty na pe\u010denie. T\u00fdm \u017ee v ohnisku in\u0161talovan\u00fd posuvn\u00fd ro\u0161t je mo\u017en\u00e9 k\u00fari\u0165 nielen drevom ale aj uho\u013en\u00fdmi briketami a ve\u013ek\u00fd popoln\u00edk umo\u017e\u0148uje k\u00fari\u0165 nepretr\u017eite aj nieko\u013eko dn\u00ed. Gu\u013eat\u00e9 madlo a ochrann\u00fd r\u00e1m okolo cel\u00e9ho spor\u00e1ka je chr\u00f3movan\u00fd. Pre t\u00fdch, ktor\u00ed preferuj\u00fa ni\u017e\u0161iu cenu ale chc\u00fa ma\u0165 krbov\u00e9 presklenie, r\u00fdchly n\u00e1stup tepla a ohrev miestnosti a\u017e do posledn\u00e9ho k\u00fata je to ten spr\u00e1vny typ.<\/div>\n<div> Farebn\u00e9 prevedenie hned\u00e9, capuccino, biele a antracit d\u00e1va mo\u017enosti vybra\u0165 si \u010do sa v\u00e1m p\u00e1\u010di.<\/div>\n<div><\/div>\n<div>TECHNICK\u00c9 PARAMETRE<\/div>\n<div><\/div>\n<div>Menovit\u00fd v\u00fdkon do vzduchu&nbsp; 9 kW<\/div>\n<div>Maxim\u00e1lna hodinov\u00e1 spotreba dreva: 2,8 kg \/ h<\/div>\n<div>Priemer dymovodu: 130 mm<\/div>\n<div>V\u00fdvod dymovodu: Horn\u00e9<\/div>\n<div>\u00da\u010dinnos\u0165: 76%<\/div>\n<div>Hmotnos\u0165: 135 kg<\/div>\n<div>V\u00fdhrevnos\u0165 priestoru pri zateplen\u00ed 50W \/ 1m\u00b3: 186 m\u00b3<\/div>\n<div>Priemer r\u00fary pre pr\u00edvod extern\u00e9ho vzduchu: Bez priameho napojenia<\/div>\n<div>V\u00fd\u0161ka: 848 mm<\/div>\n<div>\u0160\u00edrka: 964 mm<\/div>\n<div>H\u013abka: 641 mm<\/div>\n<div>Typ spa\u013eovania: Trojstup\u0148ov\u00e9<\/div>\n<div>Obklad: Oce\u013eov\u00fd smaltovan\u00fd pl\u00e1\u0161\u0165<\/div>\n<div>Kon\u0161trukcie spa\u013eovacieho priestoru: Liatina<\/div>\n<div>Typ ro\u0161tu: Pevn\u00fd- v\u00fdsuvn\u00fd<\/div>\n<div>Popoln\u00edk: Vyberate\u013en\u00fd<\/div>\n<div>Ve\u013ekos\u0165 polien: 300 mm<\/div>\n<div>Rozmer vstupn\u00e9ho otvoru do spa\u013eovacieho priestoru: 217&#215;190 mm<\/div>\n<div>Rozmery spa\u013eovacieho priestoru: 200x220x400 mm<\/div>\n<div>Prenos tepla: Konvek\u010dn\u00e9 a s\u00e1lan\u00edm<\/div>\n<div>\n<div><span style=\"color: rgb(48, 48, 48); font-family: Verdana; line-height: 16.8px;\">Energetick\u00e1 trieda&nbsp;<\/span><\/div>\n<h3 style=\"font-family: &quot;Open Sans&quot;, sans-serif; color: rgb(102, 102, 102);\"><span style=\"font-family: Verdana; line-height: 16.8px; color: rgb(0, 255, 0);\">A<\/span><\/h3>\n<h5><span style=\"color: rgb(0, 0, 0); font-family: Verdana;\">Farebn\u00e9 prevedenia:<\/span><\/h5>\n<h5><span style=\"color: rgb(0, 0, 0); font-family: Verdana;\">SMALTOVAN\u00c1 OCE\u013d \u010cIERNA &#8211; ANTRACIT<\/span><\/h5>\n<h5><span style=\"color: rgb(0, 0, 0); font-family: Verdana;\">SMALTOVAN\u00c1 OCE\u013d BIELA<\/span><\/h5>\n<h5><span style=\"color: rgb(0, 0, 0); font-family: Verdana;\">SMALTOVAN\u00c1 OCE\u013d CAPPUCCINO<\/span><\/h5>\n<h5><span style=\"color: rgb(0, 0, 0); font-family: Verdana;\"><br \/><\/span><\/h5>\n<h5><span style=\"color: rgb(0, 0, 0); font-family: Verdana;\">Pr\u00edslu\u0161enstvo za pr\u00edplatok:<\/span><\/h5>\n<h5><span style=\"color: rgb(0, 0, 0); font-family: Verdana;\">NEREZOV\u00dd RO\u0160T DO R\u00daRY NA PE\u010cENIE<\/span><\/h5>\n<h5><span style=\"color: rgb(0, 0, 0); font-family: Verdana;\">N\u00c1HRADN\u00dd SMALTOVAN\u00dd PLECH DO R\u00daRY NA PE\u010cENIE<\/span><\/h5>\n<h5><span style=\"color: rgb(0, 0, 0); font-family: Verdana;\">NEREZOV\u00c1 N\u00c1DOBA NA OHRIEVANIE<\/span><\/h5>\n<h5><span style=\"color: rgb(0, 0, 0); font-family: Verdana;\">KRYC\u00cd PLECH NA LIATINOV\u00dd PLAT\u0147U<\/span><\/h5>\n<h3 style=\"\"><span style=\"line-height: 16.8px; color: rgb(0, 0, 0); font-family: Verdana;\"><\/span><\/h3>\n<\/div>\n","protected":false},"excerpt":{"rendered":"<p>Kuchynsk\u00fd spor\u00e1k La Nordica Sovrana Easy Spor\u00e1k Sovrana Easy je prec\u00edzny v\u00fdrobok s dokonal\u00fdm vyu\u017eit\u00edm v\u0161etk\u00fdch miest v kon\u0161trukcii. Varn\u00e1 plat\u0148a je z liatiny, presklenn\u00e9 ohnisko a r\u00fary s kontroln\u00fdm teplomerom. \u00daplne dole je vys\u00favac\u00ed z\u00e1sobn\u00edk na drevo. Regul\u00e1cia prim\u00e1rneho aj sekund\u00e1rneho vzduchu je doplnen\u00e1 e\u0161te o automatick\u00fd terci\u00e1rny vzduch. T\u00e1to kombin\u00e1cia zni\u017euje emisie CO2 [&hellip;]<\/p>\n","protected":false},"featured_media":1696,"comment_status":"open","ping_status":"closed","template":"","meta":[],"product_brand":[],"product_cat":[216,219],"product_tag":[],"class_list":{"0":"post-1710","1":"product","2":"type-product","3":"status-publish","4":"has-post-thumbnail","6":"product_cat-sporaky","7":"product_cat-nordica-sporaky","9":"first","10":"instock","11":"taxable","12":"shipping-taxable","13":"purchasable","14":"product-type-simple"},"_links":{"self":[{"href":"https:\/\/flamaecol.sk\/en\/wp-json\/wp\/v2\/product\/1710","targetHints":{"allow":["GET"]}}],"collection":[{"href":"https:\/\/flamaecol.sk\/en\/wp-json\/wp\/v2\/product"}],"about":[{"href":"https:\/\/flamaecol.sk\/en\/wp-json\/wp\/v2\/types\/product"}],"replies":[{"embeddable":true,"href":"https:\/\/flamaecol.sk\/en\/wp-json\/wp\/v2\/comments?post=1710"}],"wp:featuredmedia":[{"embeddable":true,"href":"https:\/\/flamaecol.sk\/en\/wp-json\/wp\/v2\/media\/1696"}],"wp:attachment":[{"href":"https:\/\/flamaecol.sk\/en\/wp-json\/wp\/v2\/media?parent=1710"}],"wp:term":[{"taxonomy":"product_brand","embeddable":true,"href":"https:\/\/flamaecol.sk\/en\/wp-json\/wp\/v2\/product_brand?post=1710"},{"taxonomy":"product_cat","embeddable":true,"href":"https:\/\/flamaecol.sk\/en\/wp-json\/wp\/v2\/product_cat?post=1710"},{"taxonomy":"product_tag","embeddable":true,"href":"https:\/\/flamaecol.sk\/en\/wp-json\/wp\/v2\/product_tag?post=1710"}],"curies":[{"name":"wp","href":"https:\/\/api.w.org\/{rel}","templated":true}]}}