{"id":1698,"date":"2015-02-25T21:05:51","date_gmt":"2015-02-25T19:05:51","guid":{"rendered":"https:\/\/flamaecol.sk\/produkt\/sporak-lanordica-rosa-l-2\/"},"modified":"2025-12-03T11:03:30","modified_gmt":"2025-12-03T09:03:30","slug":"sporak-lanordica-rosa-l-2","status":"publish","type":"product","link":"https:\/\/flamaecol.sk\/en\/produkt\/sporak-lanordica-rosa-l-2\/","title":{"rendered":"La Nordica Rosa L"},"content":{"rendered":"<h2>Kuchynk\u00fd spor\u00e1k La Nordica Rosa L<\/h2>\n<div><\/div>\n<div>Krb, k\u00farenie, varenie a pe\u010denie &#8211; to je kuchynsk\u00fd spor\u00e1k na drevo Rosa L. Kvalitn\u00fd, \u00fa\u010dinn\u00fd, ekologick\u00fd, teplovzdu\u0161n\u00fd.<\/div>\n<div><\/div>\n<div>Od spor\u00e1ku Rosa XXL je Rosa L men\u0161\u00ed o 100 mm.<\/div>\n<div>Dvojit\u00e9 zasklenie spa\u013eovacej komory zamedz\u00ed ne\u017eiad\u00facemu teplu pri varen\u00ed, kr\u00e1\u013eovsk\u00e1 ve\u013ekos\u0165 r\u00fary a teplomer vn\u00fatri, umo\u017e\u0148uje piec\u0165 ako v klasickej r\u00fare. <br class=\"avia-permanent-lb\" \/>Br\u00fasen\u00e1 liatinov\u00e1 plat\u0148a kr\u00e1sne vedie teplo, spodn\u00e9 vystu\u017eenie zamedzuje deform\u00e1ci\u00e1m a prasknutiu, v\u00fdvod dymovodu uprostred umo\u017e\u0148uje pripojenie na kom\u00edn z \u013eava i z prava. <br class=\"avia-permanent-lb\" \/>Liatinov\u00e9 predn\u00e9 dvierka nemenia tvar nech s\u00fa studen\u00e9 alebo hor\u00face, v\u017edy dokonale tesnia. <br class=\"avia-permanent-lb\" \/>Otv\u00e1racie k\u013eu\u010dky s\u00fa potiahnut\u00e9 tefl\u00f3nom, tak\u017ee nep\u00e1lia, bo\u010dn\u00e9 kryty maj\u00fa vzduchov\u00e9 prieduchy pre konvek\u010dn\u00fd ohrev vzduchu, chr\u00f3movan\u00e9 madlo okolo celej platne zamedzuje nechcen\u00e9 pop\u00e1lenia. <br class=\"avia-permanent-lb\" \/>Spa\u013eovac\u00ed proces horenia dreva prebieha v troch f\u00e1zach a preto je mal\u00e1 spotreba\u00a0 s produkciou maxim\u00e1lneho zhodnotenia na varenie, pe\u010denie ale aj vyk\u00farenie priestoru. <br class=\"avia-permanent-lb\" \/><br class=\"avia-permanent-lb\" \/><\/div>\n<div><\/div>\n<div><strong>TECHNICK\u00c9 PARAMETRE<\/strong><\/div>\n<div>Menovit\u00fd v\u00fdkon do vzduchu: 9,5 kW<\/div>\n<div>Maxim\u00e1lna hodinov\u00e1 spotreba dreva: 2,48 kg \/ h<\/div>\n<div>Priemer dymovodu: 150 mm<\/div>\n<div>V\u00fdvod dymovodu: horn\u00fd \/ zadn\u00fd<\/div>\n<div>\u00da\u010dinnos\u0165: 86,7%<\/div>\n<div>Hmotnos\u0165: 192 kg<\/div>\n<div>V\u00fdhrevnos\u0165 priestoru a\u017e 240 m\u00b3<\/div>\n<div>V\u00fd\u0161ka: 861 mm<\/div>\n<div>\u0160\u00edrka: 975 mm<\/div>\n<div>H\u013abka: 670mm<\/div>\n<div>Smaltovan\u00e1 r\u00fara v objeme 55L<\/div>\n<div>Typ spa\u013eovania: Trojstup\u0148ov\u00e9<\/div>\n<div>Obklad: smaltovan\u00fd pl\u00e1\u0161\u0165<\/div>\n<div>Kon\u0161trukcia spa\u013eovacieho priestoru: Liatina, \u0161peci\u00e1lny \u0161amot<\/div>\n<div>Typ ro\u0161tu: v\u00fdsuvn\u00fd<\/div>\n<div>Popoln\u00edk: vyberate\u013en\u00fd<\/div>\n<div>Ve\u013ekos\u0165 polien: 400 mm<\/div>\n<div>Rozmer vstupn\u00e9ho otvoru do spa\u013eovacieho priestoru: 223&#215;210 mm<\/div>\n<div>Rozmery spa\u013eovacieho priestoru: 296x306x460 mm<\/div>\n<div>Rozmer r\u00fary na pe\u010denie : 307x418x430<\/div>\n<div>Prenos tepla: s\u00e1lan\u00edm konvekcia<\/div>\n","protected":false},"excerpt":{"rendered":"<p>Krb, k\u00farenie, varenie a pe\u010denie &#8211; to je kuchynsk\u00fd spor\u00e1k na drevo Rosa L. Kvalitn\u00fd, \u00fa\u010dinn\u00fd, ekologick\u00fd, teplovzdu\u0161n\u00fd.<\/p>\n","protected":false},"featured_media":4713,"comment_status":"open","ping_status":"closed","template":"","meta":[],"product_brand":[],"product_cat":[216,219],"product_tag":[],"class_list":{"0":"post-1698","1":"product","2":"type-product","3":"status-publish","4":"has-post-thumbnail","6":"product_cat-sporaky","7":"product_cat-nordica-sporaky","9":"first","10":"instock","11":"sale","12":"taxable","13":"shipping-taxable","14":"purchasable","15":"product-type-simple"},"_links":{"self":[{"href":"https:\/\/flamaecol.sk\/en\/wp-json\/wp\/v2\/product\/1698","targetHints":{"allow":["GET"]}}],"collection":[{"href":"https:\/\/flamaecol.sk\/en\/wp-json\/wp\/v2\/product"}],"about":[{"href":"https:\/\/flamaecol.sk\/en\/wp-json\/wp\/v2\/types\/product"}],"replies":[{"embeddable":true,"href":"https:\/\/flamaecol.sk\/en\/wp-json\/wp\/v2\/comments?post=1698"}],"wp:featuredmedia":[{"embeddable":true,"href":"https:\/\/flamaecol.sk\/en\/wp-json\/wp\/v2\/media\/4713"}],"wp:attachment":[{"href":"https:\/\/flamaecol.sk\/en\/wp-json\/wp\/v2\/media?parent=1698"}],"wp:term":[{"taxonomy":"product_brand","embeddable":true,"href":"https:\/\/flamaecol.sk\/en\/wp-json\/wp\/v2\/product_brand?post=1698"},{"taxonomy":"product_cat","embeddable":true,"href":"https:\/\/flamaecol.sk\/en\/wp-json\/wp\/v2\/product_cat?post=1698"},{"taxonomy":"product_tag","embeddable":true,"href":"https:\/\/flamaecol.sk\/en\/wp-json\/wp\/v2\/product_tag?post=1698"}],"curies":[{"name":"wp","href":"https:\/\/api.w.org\/{rel}","templated":true}]}}