{"id":1630,"date":"2015-02-23T09:39:07","date_gmt":"2015-02-23T07:39:07","guid":{"rendered":"https:\/\/flamaecol.sk\/produkt\/krbovekachlelanordicarossellar1-2\/"},"modified":"2025-01-21T17:38:38","modified_gmt":"2025-01-21T15:38:38","slug":"krbovekachlelanordicarossellar1-2","status":"publish","type":"product","link":"https:\/\/flamaecol.sk\/en\/produkt\/krbovekachlelanordicarossellar1-2\/","title":{"rendered":"La Nordica Rosella R1 5.0"},"content":{"rendered":"<h2>Krbov\u00e9 kachle La Nordica Rosella R1 5.0<\/h2>\n<div><\/div>\n<div>Krbov\u00e9 kachle Rossella 8,8 kW Nordica s\u00fa dvojpl\u00e1\u0161\u0165ov\u00e9 liatinov\u00e9 s kach\u013eov\u00fdm \u010di mastencov\u00fdm obkladom.<\/div>\n<div><\/div>\n<div>Tradi\u010dn\u00e1 kon\u0161trukcia s dvoma dvierkami. Jedny s\u00fa na prikladanie a druh\u00e9 na regul\u00e1ciu prim\u00e1rneho vzduchu z popoln\u00edka.\u00a0 Dvojit\u00e9 horenie, oplach skla tepl\u00fdm vzduchom je roz\u0161\u00edren\u00fd o tret\u00ed (terci\u00e1rny) vzduch.<\/div>\n<div>Kon\u0161trukcie a materi\u00e1ly s\u00fa len tie najlep\u0161ie.<\/div>\n<div><\/div>\n<div>\n<div>Dvojpl\u00e1\u0161\u0165ov\u00e1 kon\u0161trukcia m\u00e1 vn\u00fatorn\u00fa korpus z pozinkovanej ocele. T\u00e1to ochrana \u00faplne vylu\u010duje hrdzavenie a rad\u00ed ju v tomto smere medzi nezni\u010dite\u013en\u00e9.<\/div>\n<div>Vn\u00fatri s\u00fa vlo\u017een\u00e9 na seba jednotliv\u00e9 liatinov\u00e9 platne vyp\u013a\u0148aj\u00face cel\u00fd spa\u013eovac\u00ed priestor. Vn\u00fatorn\u00e9 vr\u00fabkovanie liatiny m\u00e1 vplyv na horenie a zamedzuje praskanie. Oto\u010dn\u00fd liatinov\u00fd ro\u0161t a popoln\u00edk umo\u017e\u0148uj\u00fa dlhodob\u00e9 k\u00farenie bez vyhasnutia. V hornej \u010dasti ohniska pred v\u00fdstupom do kom\u00edna s\u00fa vlo\u017een\u00e9 dva deflektory. Tie maj\u00fa za \u00falohu jednak obmedzi\u0165 plamene do kom\u00edna ale aj zlep\u0161i\u0165 priebeh dohorenia plynov z dreva.<\/div>\n<div>Ovl\u00e1danie pri k\u00faren\u00ed je ve\u013emi jednoduch\u00e9.Zakuruje sa otvoren\u00edm spodn\u00e9ho (prim\u00e1rneho) vzduchu ovl\u00e1dac\u00edm prvkom alebo kolieskom na dvierkach. Vzduch pod ro\u0161t u\u013eah\u010duje zakurovanie do studen\u00e9ho kom\u00edna! Po zak\u00faren\u00ed a nahriat\u00ed kachl\u00ed sa tento vzduch mus\u00ed uzavrie\u0165 a za\u010dne p\u00f4sobi\u0165 vzduch druh\u00fd (sekund\u00e1rny). Tento vzduch prech\u00e1dza liatinov\u00fdm n\u00e1stavcami vo vn\u00fatri ohniska, kde je pre vzduch vytvoren\u00fd labyrint pre maxim\u00e1lny ohrev. Takto hor\u00faci vzduch je vyfukovan\u00fd \u0161trbinou v hornej \u010dasti skla dvierok a t\u00fdm zamedzuje usadzovaniu sadz\u00ed. Druhou hlavnou funkciou je zlu\u010dovanie s plynmi uvo\u013enen\u00fdmi z dreva. Tomu sa hovor\u00ed dvojit\u00e9 ekologick\u00e9 horenie. Pre e\u0161te lep\u0161iu horenia a \u010distotu skla m\u00e1 Nordica zabudovan\u00fd automatick\u00fd tret\u00ed vzduch (terci\u00e1rny) v zadnej \u010dasti ohniska. Pr\u00e1ve t\u00e1to kon\u0161trukcia m\u00e1 jedine\u010dn\u00e9 vlastnosti na prev\u00e1dzku a jednoduch\u00fa obsluhu.<\/div>\n<div><\/div>\n<\/div>\n<div>Pre dobr\u00fa stabilitu je podstavec vyroben\u00fd z liatiny, tak ako plat\u0148a.<\/div>\n<div><\/div>\n<div>Okolo takto vytvorenej spa\u013eovacej komory je vytvoren\u00e1 vzduchov\u00e1 \u0161trbina. Tu sa chladn\u00fd vzduch od podlahy priechodom medzi hor\u00facimi stenami ohrieva a vystupuje hore pri spor\u00e1ku.<\/div>\n<div>Fyzik\u00e1lny jav, \u017ee s teplotou st\u00fapa r\u00fdchlos\u0165 pr\u00fadenia je tu ve\u013emi v\u00fdhodn\u00fd. Pri zn\u00ed\u017eenom k\u00farenie st\u00fapa vzduch pomaly, pri intenz\u00edvnej\u0161om ide r\u00fdchlej\u0161ie ale teplota sa moc nemen\u00ed.<\/div>\n<div>Pre zn\u00ed\u017eenie povrchovo teploty a tie\u017e z estetick\u00e9ho h\u013eadiska s\u00fa na druh\u00fd pl\u00e1\u0161\u0165 pou\u017eit\u00e9 kach\u013eov\u00e1 bloky alebo hornina- mastenec. \u0160irok\u00e1 ponuka tvarov obkladov, farieb aj prevedenie V\u00e1m v\u00fdber niekedy neu\u013eah\u010d\u00ed ale v\u017edy z\u00edskate v\u00fdrobok kvalitn\u00fd, preveren\u00fd as prijate\u013enou cenou.<\/div>\n<div><\/div>\n<div>TECHNICK\u00c9 PARAMETRE<\/div>\n<ul>\n<li>Menovit\u00fd v\u00fdkon do vzduchu: 9 kW<\/li>\n<li>Maxim\u00e1lna hodinov\u00e1 spotreba dreva: 2,5 kg \/ h<\/li>\n<li>Priemer dymovodu: 130 mm<\/li>\n<li>V\u00fdvod dymovodu: Horn\u00e9<\/li>\n<li>\u00da\u010dinnos\u0165: 86,8%<\/li>\n<li>Hmotnos\u0165: 155\/170 kg<\/li>\n<li>V\u00fdhrevnos\u0165 priestoru pri zateplen\u00ed 50W \/ 1m\u00b3: 229 m\u00b3<\/li>\n<li>Priemer r\u00fary pre pr\u00edvod extern\u00e9ho vzduchu: Bez priameho napojenia<\/li>\n<li>V\u00fd\u0161ka: 915 mm<\/li>\n<li>\u0160\u00edrka: 578 mm<\/li>\n<li>H\u013abka: 586 mm<\/li>\n<li>Typ spa\u013eovania: Dvojstup\u0148ov\u00e9<\/li>\n<li>Obklad: Kachle bord\u00f3,Panna,Biela,Mastenec<\/li>\n<li>Kon\u0161trukcie spa\u013eovacieho priestoru: Liatina<\/li>\n<li>Typ ro\u0161tu: Oto\u010dn\u00fd<\/li>\n<li>Popoln\u00edk: Vyberate\u013en\u00fd<\/li>\n<li>Ve\u013ekos\u0165 polien: 300 mm<\/li>\n<li>Rozmer vstupn\u00e9ho otvoru do spa\u013eovacieho priestoru: 315&#215;285 mm<\/li>\n<li>Rozmery spa\u013eovacieho priestoru: 395x377x415 mm<\/li>\n<li>Prenos tepla: Konvek\u010dn\u00e9<\/li>\n<\/ul>\n","protected":false},"excerpt":{"rendered":"<p>Krbov\u00e9 kachle La Nordica Rosella R1 5.0 Krbov\u00e9 kachle Rossella 8,8 kW Nordica s\u00fa dvojpl\u00e1\u0161\u0165ov\u00e9 liatinov\u00e9 s kach\u013eov\u00fdm \u010di mastencov\u00fdm obkladom. Tradi\u010dn\u00e1 kon\u0161trukcia s dvoma dvierkami. Jedny s\u00fa na prikladanie a druh\u00e9 na regul\u00e1ciu prim\u00e1rneho vzduchu z popoln\u00edka.\u00a0 Dvojit\u00e9 horenie, oplach skla tepl\u00fdm vzduchom je roz\u0161\u00edren\u00fd o tret\u00ed (terci\u00e1rny) vzduch. Kon\u0161trukcie a materi\u00e1ly s\u00fa len [&hellip;]<\/p>\n","protected":false},"featured_media":4435,"comment_status":"closed","ping_status":"closed","template":"","meta":[],"product_brand":[],"product_cat":[201,205],"product_tag":[],"class_list":{"0":"post-1630","1":"product","2":"type-product","3":"status-publish","4":"has-post-thumbnail","6":"product_cat-krbove-kachle","7":"product_cat-nordica-krbove-kachle","9":"first","10":"instock","11":"sale","12":"taxable","13":"shipping-taxable","14":"purchasable","15":"product-type-simple"},"_links":{"self":[{"href":"https:\/\/flamaecol.sk\/en\/wp-json\/wp\/v2\/product\/1630","targetHints":{"allow":["GET"]}}],"collection":[{"href":"https:\/\/flamaecol.sk\/en\/wp-json\/wp\/v2\/product"}],"about":[{"href":"https:\/\/flamaecol.sk\/en\/wp-json\/wp\/v2\/types\/product"}],"replies":[{"embeddable":true,"href":"https:\/\/flamaecol.sk\/en\/wp-json\/wp\/v2\/comments?post=1630"}],"wp:featuredmedia":[{"embeddable":true,"href":"https:\/\/flamaecol.sk\/en\/wp-json\/wp\/v2\/media\/4435"}],"wp:attachment":[{"href":"https:\/\/flamaecol.sk\/en\/wp-json\/wp\/v2\/media?parent=1630"}],"wp:term":[{"taxonomy":"product_brand","embeddable":true,"href":"https:\/\/flamaecol.sk\/en\/wp-json\/wp\/v2\/product_brand?post=1630"},{"taxonomy":"product_cat","embeddable":true,"href":"https:\/\/flamaecol.sk\/en\/wp-json\/wp\/v2\/product_cat?post=1630"},{"taxonomy":"product_tag","embeddable":true,"href":"https:\/\/flamaecol.sk\/en\/wp-json\/wp\/v2\/product_tag?post=1630"}],"curies":[{"name":"wp","href":"https:\/\/api.w.org\/{rel}","templated":true}]}}