{"id":1618,"date":"2015-02-21T21:54:41","date_gmt":"2015-02-21T19:54:41","guid":{"rendered":"https:\/\/flamaecol.sk\/produkt\/la-nordica-ester-s-rurou\/"},"modified":"2025-11-10T11:00:29","modified_gmt":"2025-11-10T09:00:29","slug":"la-nordica-ester-s-rurou","status":"publish","type":"product","link":"https:\/\/flamaecol.sk\/en\/produkt\/la-nordica-ester-s-rurou\/","title":{"rendered":"La Nordica Ester EVO Vulcan s r\u00farou"},"content":{"rendered":"<h2>Krbov\u00e9 kachle La Nordica Ester s r\u00farou na pe\u010denie<\/h2>\n<div><\/div>\n<div>Ester Forno EVO Vulcan s\u00fa unik\u00e1tne krbov\u00e9 kachle na drevo pre trval\u00e9 vykurovanie s funk\u010dnou r\u00farou na pe\u010denie m\u00e4sa, kol\u00e1\u010dov alebo ohrievanie.<\/div>\n<div><\/div>\n<div>Vulkanick\u00fd obklad m\u00e1 hmotnos\u0165 317 Kg a odovzd\u00e1va teplo rovnomerne, pomaly a trvalo. Je predov\u0161etk\u00fdm ur\u010den\u00e1 do nov\u00fdch domov ako krb, s r\u00farou na pe\u010denie, kde pri in\u0161tal\u00e1cii v bytovom priestore m\u00f4\u017ee sl\u00fa\u017ei\u0165 ako hlavn\u00fd zdroj tepla. Liatinov\u00e1 kon\u0161trukcia d\u00e1va predpoklad dlhej \u017eivotnosti, trvalej stability, vysokej \u00fa\u010dinnosti a mal\u00e9 spotreby.<\/div>\n<div>Kon\u0161trukcia sp\u013a\u0148a najvy\u0161\u0161ie ekologick\u00e9 po\u017eiadavky, vysok\u00fa \u00fa\u010dinnos\u0165 a \u017eivotnos\u0165.<\/div>\n<div>Oce\u013eov\u00e1 zvaren\u00e1 nosn\u00e1 kostra m\u00e1 zabudovan\u00fd popoln\u00edk pod liatinov\u00fdm oto\u010dn\u00fdm ro\u0161tom. K\u00farenie drevom sa d\u00e1 doplni\u0165 aj uho\u013en\u00fdmi briketami pre no\u010dn\u00fa prev\u00e1dzku. Terci\u00e1rny vzduch je automaticky vyveden\u00fd v zadnej liatinovej doske ohniska, ktor\u00e9 m\u00e1 po stran\u00e1ch \u0161peci\u00e1lne akumula\u010dn\u00e9 dosky Yronker pre zv\u00fd\u0161enie spa\u013eovacej teploty. To m\u00e1 priazniv\u00fd vplyv na n\u00edzke mno\u017estvo emisi\u00ed CO2 a vysok\u00fa \u00fa\u010dinnos\u0165 85,5%. \u0160pecialitou tohto v\u00fdrobku je r\u00fara na pe\u010denie. Odch\u00e1dzaj\u00faci dym m\u00e1 e\u0161te tak\u00fa teplotu, \u017ee m\u00f4\u017ee nahria\u0165 r\u00faru aj na 200 \u00b0 C a to sa pr\u00e1ve vyu\u017e\u00edva. Smaltovan\u00fd vn\u00fatorn\u00fd povrch je porovnate\u013en\u00fd ako u elektrickej alebo plynovej r\u00fary, tak\u017ee je v\u017edy pripraven\u00fd na pou\u017eitie. Vy\u0161\u0161ia kon\u0161truk\u010dn\u00e1 stavba je vhodn\u00e1 aj do men\u0161\u00edch bytov\u00fdch priestorov, kde vulkanick\u00e9 oblo\u017eenie akumuluje teplo a potom pomaly odovzd\u00e1va aj po vyhasnut\u00ed a nehroz\u00ed pop\u00e1lenie od stien.<\/div>\n<div>Pre t\u00fdch, ktor\u00ed chc\u00fa ma\u0165 zdrav\u00e9, lacn\u00e9 a pr\u00edjemn\u00e9 teplo je to ten najvhodnej\u0161\u00ed v\u00fdrobok.<\/div>\n<div><br class=\"avia-permanent-lb\" \/><br class=\"avia-permanent-lb\" \/><\/div>\n<div>TECHNICK\u00c9 PARAMETRE<\/div>\n<div>\n<ul>\n<li>Nomin\u00e1lny v\u00fdkon (kW) 8<\/li>\n<li>Rozsah v\u00fdkonu (kW) 4 \u2013 12<\/li>\n<li>Vykurovacia schopnos\u0165 (m3) 80 \u2013 200<\/li>\n<li>Palivo drevo (ekobrikety)<\/li>\n<li>Spotreba dreva 2,2 kg\/hod<\/li>\n<li>\u00da\u010dinnos\u0165 (%) 86,7<\/li>\n<li>Rozmer &#8211; V x \u0160 x H 1300 x 540 x 477<\/li>\n<li>V\u00e1ha bez obalu (Netto) 317<\/li>\n<li>V\u00e1ha s obalom (Brutto) 327<\/li>\n<li>\u00d8 dymovodu 120<\/li>\n<li>Povolen\u00e9 paliv\u00e1 Drevo, ekobrikety<\/li>\n<li>Max. d\u013a\u017eka polen\u00e1 (cm) 33<\/li>\n<li>Priemer dymovodu (mm) 130<\/li>\n<li>Emisn\u00e1 hodnota CO 0,09<\/li>\n<li>Zadn\u00e9 pripojenie dymovodu nie<\/li>\n<li>Extern\u00fd pr\u00edvod vzduchu nie<\/li>\n<li>Vzdialenos\u0165 od stredu horn\u00e9ho v\u00fdvodu po zadn\u00fd okraj kachl\u00ed 215,5<\/li>\n<li>V\u00fd\u0161ka horn\u00e9ho napojenia od zeme po golier dymovodu 1300 mm<\/li>\n<li>Ve\u013ekos\u0165 r\u00fary (V x \u0160 x H) 238x268x338<\/li>\n<li>Farba \u0161ed\u00e1<\/li>\n<li>Ventil\u00e1tor nie<\/li>\n<li>Prevedenie teplovzdu\u0161n\u00e1 pec<\/li>\n<\/ul>\n<\/div>\n","protected":false},"excerpt":{"rendered":"<p>Ester Forno EVO Vulcan s\u00fa unik\u00e1tne krbov\u00e9 kachle na drevo pre trval\u00e9 vykurovanie s funk\u010dnou r\u00farou na pe\u010denie m\u00e4sa, kol\u00e1\u010dov alebo ohrievanie.<\/p>\n","protected":false},"featured_media":4362,"comment_status":"closed","ping_status":"closed","template":"","meta":[],"product_brand":[],"product_cat":[201,205],"product_tag":[],"class_list":{"0":"post-1618","1":"product","2":"type-product","3":"status-publish","4":"has-post-thumbnail","6":"product_cat-krbove-kachle","7":"product_cat-nordica-krbove-kachle","9":"first","10":"onbackorder","11":"sale","12":"featured","13":"taxable","14":"shipping-taxable","15":"purchasable","16":"product-type-simple"},"_links":{"self":[{"href":"https:\/\/flamaecol.sk\/en\/wp-json\/wp\/v2\/product\/1618","targetHints":{"allow":["GET"]}}],"collection":[{"href":"https:\/\/flamaecol.sk\/en\/wp-json\/wp\/v2\/product"}],"about":[{"href":"https:\/\/flamaecol.sk\/en\/wp-json\/wp\/v2\/types\/product"}],"replies":[{"embeddable":true,"href":"https:\/\/flamaecol.sk\/en\/wp-json\/wp\/v2\/comments?post=1618"}],"wp:featuredmedia":[{"embeddable":true,"href":"https:\/\/flamaecol.sk\/en\/wp-json\/wp\/v2\/media\/4362"}],"wp:attachment":[{"href":"https:\/\/flamaecol.sk\/en\/wp-json\/wp\/v2\/media?parent=1618"}],"wp:term":[{"taxonomy":"product_brand","embeddable":true,"href":"https:\/\/flamaecol.sk\/en\/wp-json\/wp\/v2\/product_brand?post=1618"},{"taxonomy":"product_cat","embeddable":true,"href":"https:\/\/flamaecol.sk\/en\/wp-json\/wp\/v2\/product_cat?post=1618"},{"taxonomy":"product_tag","embeddable":true,"href":"https:\/\/flamaecol.sk\/en\/wp-json\/wp\/v2\/product_tag?post=1618"}],"curies":[{"name":"wp","href":"https:\/\/api.w.org\/{rel}","templated":true}]}}