{"id":1608,"date":"2015-02-21T21:41:45","date_gmt":"2015-02-21T19:41:45","guid":{"rendered":"https:\/\/flamaecol.sk\/produkt\/krbovekachlelanordicaasia\/"},"modified":"2025-01-22T11:09:04","modified_gmt":"2025-01-22T09:09:04","slug":"krbove-kachle-lanordica-ester-bii","status":"publish","type":"product","link":"https:\/\/flamaecol.sk\/en\/produkt\/krbove-kachle-lanordica-ester-bii\/","title":{"rendered":"La Nordica Ester BII Vulcan"},"content":{"rendered":"<h2>Krbov\u00e9 kachle La Nordica Ester BII Vulcan<\/h2>\n<p>&nbsp;<\/p>\n<ul>\n<li>mas\u00edvny akumula\u010dn\u00fd obklad z tmav\u00e9ho mastenca Vulcan<\/li>\n<li>smaltovan\u00e9 liatinov\u00e9 diely<\/li>\n<li>pohybliv\u00fd ro\u0161t<\/li>\n<li>ve\u013ek\u00e9 presklenie<\/li>\n<li>dvojit\u00e9 spa\u013eovanie<\/li>\n<li>vysok\u00e1 \u00fa\u010dinnos\u0165<\/li>\n<li>dvojpl\u00e1\u0161\u0165ov\u00e1 kon\u0161trukcia<\/li>\n<li>priestrann\u00fd popoln\u00edk <br class=\"avia-permanent-lb\" \/><br class=\"avia-permanent-lb\" \/><\/li>\n<\/ul>\n<div>TECHNICK\u00c9 PARAMETRE<\/div>\n<ul>\n<li>Nomin\u00e1lny v\u00fdkon (kW) 7,5<\/li>\n<li>Rozsah v\u00fdkonu (kW) 3 \u2013 11<\/li>\n<li>Vykurovacia schopnos\u0165 (m3) 60 \u2013 220<\/li>\n<li>Palivo drevo (ekobrikety)<\/li>\n<li>Spotreba dreva 2,2 kg\/hod<\/li>\n<li>\u00da\u010dinnos\u0165 (%) 80<\/li>\n<li>Rozmer &#8211; V x \u0160 x H 950 x 540 x 477<\/li>\n<li>V\u00e1ha bez obalu (Netto) 243<\/li>\n<li>V\u00e1ha s obalom (Brutto) 253<\/li>\n<li>Max. d\u013a\u017eka polen\u00e1 (cm) 33<\/li>\n<li>Priemer dymovodu (mm) 130<\/li>\n<li>Emisn\u00e1 hodnota CO 0,09<\/li>\n<li>Zadn\u00e9 pripojenie dymovodu \u00e1no<\/li>\n<li>Extern\u00fd pr\u00edvod vzduchu nie<\/li>\n<li>Vzdialenos\u0165 od stredu horn\u00e9ho v\u00fdvodu po zadn\u00fd okraj kachl\u00ed 215,5<\/li>\n<li>V\u00fd\u0161ka horn\u00e9ho napojenia od zeme po l\u00edmec dymovodu 925 mm<\/li>\n<li>Farba \u0161ed\u00e1<\/li>\n<li>Ventil\u00e1tor nie<\/li>\n<li>Prevedenie teplovzdu\u0161n\u00e1 pec<\/li>\n<\/ul>\n","protected":false},"excerpt":{"rendered":"<p>Krbov\u00e9 kachle s mas\u00edvnym vulkanick\u00fdm kame\u0148om La Nordica Ester BII Vulcan<\/p>\n","protected":false},"featured_media":4503,"comment_status":"closed","ping_status":"closed","template":"","meta":[],"product_brand":[],"product_cat":[201,205],"product_tag":[],"class_list":{"0":"post-1608","1":"product","2":"type-product","3":"status-publish","4":"has-post-thumbnail","6":"product_cat-krbove-kachle","7":"product_cat-nordica-krbove-kachle","9":"first","10":"onbackorder","11":"sale","12":"taxable","13":"shipping-taxable","14":"purchasable","15":"product-type-simple"},"_links":{"self":[{"href":"https:\/\/flamaecol.sk\/en\/wp-json\/wp\/v2\/product\/1608","targetHints":{"allow":["GET"]}}],"collection":[{"href":"https:\/\/flamaecol.sk\/en\/wp-json\/wp\/v2\/product"}],"about":[{"href":"https:\/\/flamaecol.sk\/en\/wp-json\/wp\/v2\/types\/product"}],"replies":[{"embeddable":true,"href":"https:\/\/flamaecol.sk\/en\/wp-json\/wp\/v2\/comments?post=1608"}],"wp:featuredmedia":[{"embeddable":true,"href":"https:\/\/flamaecol.sk\/en\/wp-json\/wp\/v2\/media\/4503"}],"wp:attachment":[{"href":"https:\/\/flamaecol.sk\/en\/wp-json\/wp\/v2\/media?parent=1608"}],"wp:term":[{"taxonomy":"product_brand","embeddable":true,"href":"https:\/\/flamaecol.sk\/en\/wp-json\/wp\/v2\/product_brand?post=1608"},{"taxonomy":"product_cat","embeddable":true,"href":"https:\/\/flamaecol.sk\/en\/wp-json\/wp\/v2\/product_cat?post=1608"},{"taxonomy":"product_tag","embeddable":true,"href":"https:\/\/flamaecol.sk\/en\/wp-json\/wp\/v2\/product_tag?post=1608"}],"curies":[{"name":"wp","href":"https:\/\/api.w.org\/{rel}","templated":true}]}}