{"id":1580,"date":"2015-02-21T14:53:52","date_gmt":"2015-02-21T12:53:52","guid":{"rendered":"https:\/\/flamaecol.sk\/produkt\/la-nordica-nicoletta-s-rurou\/"},"modified":"2015-02-21T14:53:52","modified_gmt":"2015-02-21T12:53:52","slug":"la-nordica-nicoletta-s-rurou","status":"publish","type":"product","link":"https:\/\/flamaecol.sk\/en\/produkt\/la-nordica-nicoletta-s-rurou\/","title":{"rendered":"La Nordica Nicoletta s r\u00farou"},"content":{"rendered":"<h4>Krbov\u00e9 kachle Nicoletta s r\u00farou a kach\u013eov\u00fdm obkladom<\/h4>\n<div><\/div>\n<div>Pri poh\u013eade na obr\u00e1zky mus\u00edte uzna\u0165, \u017ee sa jedn\u00e1 o kr\u00e1sny krb &#8211; kachle. Oblo\u017eenie z mas\u00edvnych kach\u013eov\u00fdch blokoch v tomto pr\u00edpade vo farbe Bord\u00f3 s glazovan\u00fdm leskl\u00fdm povrchom je efektn\u00e9 a kr\u00e1sne. <\/div>\n<div>Teplej\u0161ia farba capucino p\u00f4sob\u00ed pr\u00edjemne a menej v\u00fdrazne. Na ved\u013eaj\u0161\u00edch detailn\u00fdch obrazcoch je zrete\u013ene vidie\u0165 ako s\u00fa kachle kon\u0161truovan\u00e9. Liatina z vonku, liatina vn\u00fatri a elegantn\u00fd kach\u013eov\u00fd obklad ako druh\u00fd pl\u00e1\u0161\u0165. V hornej \u010dasti je ve\u013ek\u00e1 r\u00fara. Mnoho \u013eud\u00ed si m\u00f4\u017ee kl\u00e1s\u0165 ot\u00e1zku k \u010domu to je. Tak za prv\u00e9 vysok\u00e1 kon\u0161trukcia s v\u00fdkonom 8 kW je optim\u00e1lna pre prechodn\u00e9 i trval\u00e9 vykurovanie a vytv\u00e1ra solit\u00e9rny prvok moderne zariaden\u00fdch dom\u00e1cnosti, kde je kuchy\u0148a s\u00fa\u010das\u0165ou obytn\u00e9ho priestoru. Odch\u00e1dzaj\u00face dymov\u00e9 spaliny maj\u00fa e\u0161te dostato\u010dn\u00fa teplotu aby r\u00faru vyhriali na potrebn\u00fa teplotu. R\u00fara je ve\u013ek\u00e1, tak\u017ee upe\u010denie kur\u010da\u0165a, kol\u00e1\u010dov nie je prek\u00e1\u017ekou. Kto raz ok\u00fasil jedlo z r\u00fary vykurovanej drevom mus\u00ed uzna\u0165, \u017ee je lep\u0161ie ako na plyne a elektrike. Preto tie\u017e upe\u010den\u00e1 pizza na dreve je najlep\u0161ia.<\/div>\n<div><\/div>\n<div>Ako s\u00fa kachle kon\u0161truovan\u00e9?<\/div>\n<div>Ke\u010f sa k\u00fari v kachliach do kom\u00edna odch\u00e1dza dostatok tepla, ktor\u00e9 sa d\u00e1 e\u0161te vyu\u017ei\u0165 na r\u00faru na pe\u010denie. V okolit\u00fdch krajin\u00e1ch s trad\u00edciou k\u00farenia drevom to nie je ni\u010d nov\u00e9. Iste bol kon\u0161truk\u010dn\u00fd orie\u0161ok ako vyrie\u0161i\u0165 rovnomernos\u0165 tepla v r\u00fare, ale je na to ale norma a sp\u00f4sob merania, tak\u017ee aj toto bolo splnen\u00e9. T\u00ed \u010do ich maj\u00fa s\u00fa nad\u0161en\u00ed. Je skoro nemo\u017en\u00e9 vytvori\u0165 v plynovej alebo elektrickej r\u00fare dokola rovnomern\u00e9 teplo ako u t\u00fdchto kachl\u00ed. Vy\u0161\u0161ia stavba po celej ploche tepl\u00e1 vytv\u00e1ra pr\u00edjemn\u00fd prvok modernej dom\u00e1cnosti.<\/div>\n<div><\/div>\n<div>Prikladacie dvierka s\u00fa spojen\u00e9 v jeden celok s novou kon\u0161trukciou liatinov\u00e9ho r\u00e1mu. Pravouhl\u00fd tvar vn\u00fatorn\u00fdch v\u00fdstuh \u00faplne zamedzuje kr\u00fatenie v z\u00e1vislosti na teplote. To je podmienkou pre tesnos\u0165 spa\u013eovacieho priestoru, lep\u0161iu regulovate\u013enos\u0165 a zn\u00ed\u017eenie emisi\u00ed CO2 a prachov\u00fdch \u010dast\u00edc. Tie\u017e st\u00fapla \u00fa\u010dinnos\u0165 k 80,9% spotreba 2,3 kg za hodinu je skuto\u010dne n\u00edzka. Druh\u00fd pl\u00e1\u0161\u0165 je vytvoren\u00fd z kach\u013eov\u00fdch dosiek, ktor\u00e9 s\u00fa proti po\u0161kodeniu zavesen\u00e9. Spodn\u00fd diel je osaden\u00fd vys\u00favac\u00edm \u0161upl\u00edkom, ktor\u00fd m\u00f4\u017ee ukr\u00fdva\u0165 drevo ale m\u00f4\u017eu sl\u00fa\u017ei\u0165 tie\u017e ako ochrana proti vypad\u00e1vaniu popola pri prikladan\u00ed.<\/div>\n<div>Dvojpl\u00e1\u0161\u0165ov\u00e1 kon\u0161trukcia m\u00e1 vn\u00fatorn\u00fa korpus z pozinkovanej ocele. T\u00e1to ochrana \u00faplne vylu\u010duje hrdzavenie a rad\u00ed ju v tomto smere medzi nezni\u010dite\u013en\u00e9.<\/div>\n<div> Vn\u00fatri s\u00fa vlo\u017een\u00e9 na seba jednotliv\u00e9 liatinov\u00e9 platne vyp\u013a\u0148aj\u00face cel\u00fd spa\u013eovac\u00ed priestor. Vn\u00fatorn\u00e9 vr\u00fabkovanie liatiny m\u00e1 vplyv na horenie a zamedzuje praskanie. Oto\u010dn\u00fd liatinov\u00fd ro\u0161t a popoln\u00edk umo\u017e\u0148uj\u00fa dlhodob\u00e9 k\u00farenie bez vyhasnutia. V hornej \u010dasti ohniska pred v\u00fdstupom do kom\u00edna s\u00fa vlo\u017een\u00e9 dva deflektory. Tie maj\u00fa za \u00falohu jednak obmedzi\u0165 plamene do kom\u00edna ale aj zlep\u0161i\u0165 priebeh dohorenia plynov z dreva.<\/div>\n<div>Ovl\u00e1danie pri k\u00faren\u00ed je ve\u013emi jednoduch\u00e9.Zakuruje sa otvoren\u00edm spodn\u00e9ho (prim\u00e1rneho) vzduchu ovl\u00e1dac\u00edm prvkom alebo kolieskom na dvierkach. Vzduch pod ro\u0161t u\u013eah\u010duje zakurovanie do studen\u00e9ho kom\u00edna! Po zak\u00faren\u00ed a nahriat\u00ed kachl\u00ed sa tento vzduch mus\u00ed uzavrie\u0165 a za\u010dne p\u00f4sobi\u0165 vzduch druh\u00fd (sekund\u00e1rny). Tento vzduch prech\u00e1dza liatinov\u00fdm n\u00e1stavcami vo vn\u00fatri ohniska, kde je pre vzduch vytvoren\u00fd labyrint pre maxim\u00e1lny ohrev. Takto hor\u00faci vzduch je vyfukovan\u00fd \u0161trbinou v hornej \u010dasti skla dvierok a t\u00fdm zamedzuje usadzovaniu sadz\u00ed. Druhou hlavnou funkciou je zlu\u010dovanie s plynmi uvo\u013enen\u00fdmi z dreva. Tomu sa hovor\u00ed dvojit\u00e9 ekologick\u00e9 horenie. Pre e\u0161te lep\u0161iu horenia a \u010distotu skla m\u00e1 Nordica zabudovan\u00fd automatick\u00fd tret\u00ed vzduch (terci\u00e1rny) v zadnej \u010dasti ohniska. Pr\u00e1ve t\u00e1to kon\u0161trukcia m\u00e1 jedine\u010dn\u00e9 vlastnosti na prev\u00e1dzku a jednoduch\u00fa obsluhu.<\/div>\n<div>Ve\u013ekou prednos\u0165ou je tie\u017e, \u017ee nas\u00e1vacie otvory do druh\u00e9ho pl\u00e1\u0161\u0165a s\u00fa pri podlahe a pri dlh\u0161om k\u00farenie sa ohriaty tepl\u00fd vzduch dostane \u010faleko od kachl\u00ed. Mas\u00edvne kachle s oce\u013eovo-liatinovou kon\u0161trukciou korpusu s\u00fa ve\u013emi \u0165a\u017ek\u00e9 a dosahuj\u00fa v\u00e1hy 230 kg.<\/div>\n<div>Toto \u00faplne zamedzuje kol\u00edsaniu tepla pri prikladan\u00ed a po vyhasnut\u00ed dlh\u00fa dobu e\u0161te hrej\u00fa.<\/div>\n<div><\/div>\n<div>TECHNICK\u00c9 PARAMETRE<\/div>\n<div><\/div>\n<div>Menovit\u00fd v\u00fdkon do vzduchu: 8 kW<\/div>\n<div>Menovit\u00fd v\u00fdkon do vody: &#8211;<\/div>\n<div>Maxim\u00e1lna hodinov\u00e1 spotreba dreva: 2,3 kg \/ h<\/div>\n<div>Priemer dymovodu: 130 mm<\/div>\n<div>V\u00fdvod dymovodu: Horn\u00e9<\/div>\n<div>\u00da\u010dinnos\u0165: 80,9%<\/div>\n<div>Hmotnos\u0165: 242 kg<\/div>\n<div>V\u00fdhrevnos\u0165 priestoru pri zateplen\u00ed 50W \/ 1m\u00b3: 229 m\u00b3<\/div>\n<div>Priemer r\u00fary pre pr\u00edvod extern\u00e9ho vzduchu: &#8211;<\/div>\n<div>V\u00fd\u0161ka: 1423 mm<\/div>\n<div>\u0160\u00edrka: 587 mm<\/div>\n<div>H\u013abka: 576 mm<\/div>\n<div>Typ spa\u013eovania: Trojstup\u0148ov\u00e9<\/div>\n<div>Obklad: Keramika<\/div>\n<div>Kon\u0161trukcie spa\u013eovacieho priestoru: Liatina<\/div>\n<div>Typ ro\u0161tu: Oto\u010dn\u00fd<\/div>\n<div>Popoln\u00edk: Vyberate\u013en\u00fd<\/div>\n<div>Ve\u013ekos\u0165 polien: 300 mm<\/div>\n<div>Rozmer vstupn\u00e9ho otvoru do spa\u013eovacieho priestoru: 355&#215;245 mm<\/div>\n<div>Rozmery spa\u013eovacieho priestoru: 370x374x350 mm<\/div>\n<div>Prenos tepla: Konvek\u010dn\u00e9+s\u00e1lan\u00edm<\/div>\n","protected":false},"excerpt":{"rendered":"<p>Krbov\u00e9 kachle Nicoletta s r\u00farou a kach\u013eov\u00fdm obkladom Pri poh\u013eade na obr\u00e1zky mus\u00edte uzna\u0165, \u017ee sa jedn\u00e1 o kr\u00e1sny krb &#8211; kachle. Oblo\u017eenie z mas\u00edvnych kach\u013eov\u00fdch blokoch v tomto pr\u00edpade vo farbe Bord\u00f3 s glazovan\u00fdm leskl\u00fdm povrchom je efektn\u00e9 a kr\u00e1sne. Teplej\u0161ia farba capucino p\u00f4sob\u00ed pr\u00edjemne a menej v\u00fdrazne. Na ved\u013eaj\u0161\u00edch detailn\u00fdch obrazcoch je zrete\u013ene [&hellip;]<\/p>\n","protected":false},"featured_media":1572,"comment_status":"open","ping_status":"closed","template":"","meta":[],"product_brand":[],"product_cat":[201,205,263],"product_tag":[],"class_list":{"0":"post-1580","1":"product","2":"type-product","3":"status-publish","4":"has-post-thumbnail","6":"product_cat-krbove-kachle","7":"product_cat-nordica-krbove-kachle","8":"product_cat-akcie","10":"first","11":"instock","12":"sale","13":"taxable","14":"shipping-taxable","15":"purchasable","16":"product-type-simple"},"_links":{"self":[{"href":"https:\/\/flamaecol.sk\/en\/wp-json\/wp\/v2\/product\/1580","targetHints":{"allow":["GET"]}}],"collection":[{"href":"https:\/\/flamaecol.sk\/en\/wp-json\/wp\/v2\/product"}],"about":[{"href":"https:\/\/flamaecol.sk\/en\/wp-json\/wp\/v2\/types\/product"}],"replies":[{"embeddable":true,"href":"https:\/\/flamaecol.sk\/en\/wp-json\/wp\/v2\/comments?post=1580"}],"wp:featuredmedia":[{"embeddable":true,"href":"https:\/\/flamaecol.sk\/en\/wp-json\/wp\/v2\/media\/1572"}],"wp:attachment":[{"href":"https:\/\/flamaecol.sk\/en\/wp-json\/wp\/v2\/media?parent=1580"}],"wp:term":[{"taxonomy":"product_brand","embeddable":true,"href":"https:\/\/flamaecol.sk\/en\/wp-json\/wp\/v2\/product_brand?post=1580"},{"taxonomy":"product_cat","embeddable":true,"href":"https:\/\/flamaecol.sk\/en\/wp-json\/wp\/v2\/product_cat?post=1580"},{"taxonomy":"product_tag","embeddable":true,"href":"https:\/\/flamaecol.sk\/en\/wp-json\/wp\/v2\/product_tag?post=1580"}],"curies":[{"name":"wp","href":"https:\/\/api.w.org\/{rel}","templated":true}]}}