{"id":1562,"date":"2015-02-21T14:28:23","date_gmt":"2015-02-21T12:28:23","guid":{"rendered":"https:\/\/flamaecol.sk\/produkt\/liatinovakrbovekachlelanordicaicandy\/"},"modified":"2025-01-20T16:05:43","modified_gmt":"2025-01-20T14:05:43","slug":"liatinovakrbovekachlelanordicaicandy","status":"publish","type":"product","link":"https:\/\/flamaecol.sk\/en\/produkt\/liatinovakrbovekachlelanordicaicandy\/","title":{"rendered":"La Nordica Candy 4.0"},"content":{"rendered":"<h2>Liatinov\u00e9 krbov\u00e9 kachle La Nordica Candy 4.0<\/h2>\n<div><\/div>\n<div>Mal\u00e9 liatinov\u00e9 kachle na drevo s vysok\u00fdm presklen\u00edm, oto\u010dn\u00fdm ro\u0161tom, popoln\u00edkom s excelentnou \u00fa\u010dinnos\u0165ou 82,6% a \u0161peci\u00e1lne tvarovan\u00fdm ohniskom. E\u0161te nikto nepou\u017eil liatinov\u00e9 platne s tvarom v\u010delieho pl\u00e1stu. Tento tvar zvy\u0161uje \u017eiarovou a mechanick\u00fa odolnos\u0165 a predl\u017euje \u017eivotnos\u0165 kachl\u00ed na desiatky rokov. Ani nie 1 meter v\u00fd\u0161ky a iba 40 cm h\u013abky p\u00f4sob\u00ed ve\u013emi kompaktne, ale napriek tomu hreje v\u00fdkonom 7,2 kW \/ h pri spotrebe iba 2 kg \/ h. V\u00fdstup dymovodu je hore o ve\u013ekosti 120 mm, pom\u00e1ha pri zak\u00faren\u00ed do studen\u00fdch kom\u00ednov. Dvojit\u00e9 ekologick\u00e9 spa\u013eovanie bolo roz\u0161\u00edren\u00e9 o tret\u00ed terci\u00e1rny vzduch, ktor\u00fd zni\u017euje emisie CO na hodnoty pod 0,1% a t\u00fdm zmen\u0161uje zan\u00e1\u0161anie kom\u00edna a dymovodov. Regul\u00e1cia je ve\u013emi jednoduch\u00e1, tvoren\u00e1 dvoma ovl\u00e1da\u010dmi sa symbolmi intenzity.<\/div>\n<div><br class=\"avia-permanent-lb\" \/><br class=\"avia-permanent-lb\" \/>\n<\/div>\n<div>\u00a0TECHNICK\u00c9 PARAMETRE<\/div>\n<div>Menovit\u00fd v\u00fdkon do vzduchu: 7,2 kW<\/div>\n<div>Menovit\u00fd v\u00fdkon do vody: &#8211;<\/div>\n<div>Maxim\u00e1lna hodinov\u00e1 spotreba dreva: 2,1 kg \/ h<\/div>\n<div>Priemer dymovodu: 120 mm<\/div>\n<div>V\u00fdvod dymovodu: Horn\u00e9<\/div>\n<div>\u00da\u010dinnos\u0165: 82,6%<\/div>\n<div>Hmotnos\u0165: 87 kg<\/div>\n<div>V\u00fdhrevnos\u0165 priestoru pri zateplen\u00ed 50W \/ 1m\u00b3: 201 m\u00b3<\/div>\n<div>Priemer r\u00fary pre pr\u00edvod extern\u00e9ho vzduchu: &#8211;<\/div>\n<div>V\u00fd\u0161ka: 890 mm<\/div>\n<div>\u0160\u00edrka: 404 mm<\/div>\n<div>H\u013abka: 400 mm<\/div>\n<div>Typ spa\u013eovania: Trojstup\u0148ov\u00e9<\/div>\n<div>Obklad: Liatina<\/div>\n<div>Kon\u0161trukcie spa\u013eovacieho priestoru: Liatina<\/div>\n<div>Typ ro\u0161tu: Ploch\u00fd<\/div>\n<div>Popoln\u00edk: Vyberate\u013en\u00fd<\/div>\n<div>Ve\u013ekos\u0165 polien: 25 mm<\/div>\n<div>Rozmer vstupn\u00e9ho otvoru do spa\u013eovacieho priestoru: 233&#215;354 mm<\/div>\n<div>Rozmery spa\u013eovacieho priestoru: 393x330x215 mm<\/div>\n<div>Prevedenie teplovzdu\u0161n\u00e9<\/div>\n","protected":false},"excerpt":{"rendered":"<p>Mal\u00e9 liatinov\u00e9 kachle na drevo s vysok\u00fdm presklen\u00edm, oto\u010dn\u00fdm ro\u0161tom, popoln\u00edkom s excelentnou \u00fa\u010dinnos\u0165ou 82,6%.<\/p>\n","protected":false},"featured_media":1556,"comment_status":"closed","ping_status":"closed","template":"","meta":[],"product_brand":[],"product_cat":[196,198,205],"product_tag":[],"class_list":{"0":"post-1562","1":"product","2":"type-product","3":"status-publish","4":"has-post-thumbnail","6":"product_cat-liatinove-kachle","7":"product_cat-nordica","8":"product_cat-nordica-krbove-kachle","10":"first","11":"onbackorder","12":"taxable","13":"shipping-taxable","14":"purchasable","15":"product-type-simple"},"_links":{"self":[{"href":"https:\/\/flamaecol.sk\/en\/wp-json\/wp\/v2\/product\/1562","targetHints":{"allow":["GET"]}}],"collection":[{"href":"https:\/\/flamaecol.sk\/en\/wp-json\/wp\/v2\/product"}],"about":[{"href":"https:\/\/flamaecol.sk\/en\/wp-json\/wp\/v2\/types\/product"}],"replies":[{"embeddable":true,"href":"https:\/\/flamaecol.sk\/en\/wp-json\/wp\/v2\/comments?post=1562"}],"wp:featuredmedia":[{"embeddable":true,"href":"https:\/\/flamaecol.sk\/en\/wp-json\/wp\/v2\/media\/1556"}],"wp:attachment":[{"href":"https:\/\/flamaecol.sk\/en\/wp-json\/wp\/v2\/media?parent=1562"}],"wp:term":[{"taxonomy":"product_brand","embeddable":true,"href":"https:\/\/flamaecol.sk\/en\/wp-json\/wp\/v2\/product_brand?post=1562"},{"taxonomy":"product_cat","embeddable":true,"href":"https:\/\/flamaecol.sk\/en\/wp-json\/wp\/v2\/product_cat?post=1562"},{"taxonomy":"product_tag","embeddable":true,"href":"https:\/\/flamaecol.sk\/en\/wp-json\/wp\/v2\/product_tag?post=1562"}],"curies":[{"name":"wp","href":"https:\/\/api.w.org\/{rel}","templated":true}]}}