{"id":1539,"date":"2015-02-21T12:18:04","date_gmt":"2015-02-21T10:18:04","guid":{"rendered":"https:\/\/flamaecol.sk\/produkt\/liatinovakrbovekachlelanordicaisotta\/"},"modified":"2025-04-08T18:19:35","modified_gmt":"2025-04-08T16:19:35","slug":"liatinovakrbovekachlelanordicaisotta","status":"publish","type":"product","link":"https:\/\/flamaecol.sk\/en\/produkt\/liatinovakrbovekachlelanordicaisotta\/","title":{"rendered":"La Nordica Isotta EVO"},"content":{"rendered":"<h2>Liatinov\u00e9 krbov\u00e9 kachle La Nordica Isotta EVO<br class=\"avia-permanent-lb\" \/><br class=\"avia-permanent-lb\" \/><\/h2>\n<div>Krbov\u00e9 kachle ISOTTA 11,9 kW\u00a0 z liatiny s bo\u010dn\u00fdm prikladan\u00edm a termostatom reguluj\u00facim horenie. <br class=\"avia-permanent-lb\" \/><br class=\"avia-permanent-lb\" \/><\/div>\n<div>Ozna\u010denie &#8220;EVO&#8221; znamen\u00e1 vylep\u0161enie zn\u00e1meho v\u00fdrobku a v tomto pr\u00edpade je to vy\u0161\u0161ia \u00fa\u010dinnos\u0165, ni\u017e\u0161ie emisie CO, kvalitnej\u0161ie horenia, men\u0161ia spotreba. <br class=\"avia-permanent-lb\" \/><br class=\"avia-permanent-lb\" \/><\/div>\n<div>Z poh\u013eadu na obr\u00e1zok m\u00f4\u017eete nadobudn\u00fa\u0165 dojem, \u017ee sa jedn\u00e1 o be\u017en\u00e1 liatinov\u00e9 kachle ale \u00fa\u010dinnos\u0165ou 82% a prachov\u00fdmi \u010dasticami na hodnote 10,3 mg \/ Nm3 s\u00fa proste najlep\u0161\u00ed! <br class=\"avia-permanent-lb\" \/>\n<\/div>\n<div>Dvojit\u00e9 ekologick\u00e9 horenie, perfektn\u00e9 remeseln\u00e9 spracovanie a dlh\u00e1 \u017eivotnos\u0165 dan\u00e1 predov\u0161etk\u00fdm dodato\u010dne vlo\u017een\u00fdmi liatinov\u00fdmi dielmi to umo\u017e\u0148uje. <br class=\"avia-permanent-lb\" \/>\n<\/div>\n<div>\u010eal\u0161ou \u0161pecialitou je povrch chr\u00e1nen\u00fd smaltom.\u00a0 <br class=\"avia-permanent-lb\" \/>\n<\/div>\n<div>Bo\u010dn\u00e9 prikladanie &#8211; \u010fal\u0161ie fenom\u00e9n t\u00fdchto v\u00fdrobkov. Men\u0161\u00ed neporiadok a \u017eiadny dym pri prikladan\u00ed.\u00a0 <br class=\"avia-permanent-lb\" \/>\n<\/div>\n<div><\/div>\n<div><\/div>\n<div><strong>TECHNICK\u00c9 PARAMETRE<\/strong><\/div>\n<div><\/div>\n<div>Menovit\u00fd v\u00fdkon do vzduchu: 11,9 kW<\/div>\n<div>Rozsah v\u00fdkonu : 3-15 kW\/hod.<\/div>\n<div>Maxim\u00e1lna hodinov\u00e1 spotreba dreva: 3,2 kg \/ h<\/div>\n<div>Priemer dymovodu: 150 mm<\/div>\n<div>V\u00fdvod dymovodu: horn\u00fd \/ zadn\u00fd<\/div>\n<div>\u00da\u010dinnos\u0165: 82%<\/div>\n<div>Hmotnos\u0165: 205 kg<\/div>\n<div>V\u00fd\u0161ka: 775 mm<\/div>\n<div>\u0160\u00edrka: 790 mm<\/div>\n<div>H\u013abka: 520 mm<\/div>\n<div>Typ spa\u013eovania: Dvojstup\u0148ov\u00e9<\/div>\n<div>Obklad: Smaltovan\u00e1 liatina<\/div>\n<div>Kon\u0161trukcie spa\u013eovacieho priestoru: Liatina<\/div>\n<div>Typ ro\u0161tu: Oto\u010dn\u00fd<\/div>\n<div>Popoln\u00edk: Vyberate\u013en\u00fd<\/div>\n<div>Ve\u013ekos\u0165 polien: 300 mm<\/div>\n<div>Rozmer vstupn\u00e9ho otvoru do spa\u013eovacieho priestoru: 519&#215;305 mm<\/div>\n<div>Rozmery spa\u013eovacieho priestoru: 360x597x520 mm<\/div>\n","protected":false},"excerpt":{"rendered":"<p>Krbov\u00e9 kachle ISOTTA 11,9 kW\u00a0 z liatiny s bo\u010dn\u00fdm prikladan\u00edm a termostatom reguluj\u00facim horenie.<\/p>\n","protected":false},"featured_media":1533,"comment_status":"open","ping_status":"closed","template":"","meta":[],"product_brand":[],"product_cat":[196,198,205],"product_tag":[],"class_list":{"0":"post-1539","1":"product","2":"type-product","3":"status-publish","4":"has-post-thumbnail","6":"product_cat-liatinove-kachle","7":"product_cat-nordica","8":"product_cat-nordica-krbove-kachle","10":"first","11":"outofstock","12":"taxable","13":"shipping-taxable","14":"purchasable","15":"product-type-simple"},"_links":{"self":[{"href":"https:\/\/flamaecol.sk\/en\/wp-json\/wp\/v2\/product\/1539","targetHints":{"allow":["GET"]}}],"collection":[{"href":"https:\/\/flamaecol.sk\/en\/wp-json\/wp\/v2\/product"}],"about":[{"href":"https:\/\/flamaecol.sk\/en\/wp-json\/wp\/v2\/types\/product"}],"replies":[{"embeddable":true,"href":"https:\/\/flamaecol.sk\/en\/wp-json\/wp\/v2\/comments?post=1539"}],"wp:featuredmedia":[{"embeddable":true,"href":"https:\/\/flamaecol.sk\/en\/wp-json\/wp\/v2\/media\/1533"}],"wp:attachment":[{"href":"https:\/\/flamaecol.sk\/en\/wp-json\/wp\/v2\/media?parent=1539"}],"wp:term":[{"taxonomy":"product_brand","embeddable":true,"href":"https:\/\/flamaecol.sk\/en\/wp-json\/wp\/v2\/product_brand?post=1539"},{"taxonomy":"product_cat","embeddable":true,"href":"https:\/\/flamaecol.sk\/en\/wp-json\/wp\/v2\/product_cat?post=1539"},{"taxonomy":"product_tag","embeddable":true,"href":"https:\/\/flamaecol.sk\/en\/wp-json\/wp\/v2\/product_tag?post=1539"}],"curies":[{"name":"wp","href":"https:\/\/api.w.org\/{rel}","templated":true}]}}