{"id":1532,"date":"2015-02-21T11:57:38","date_gmt":"2015-02-21T09:57:38","guid":{"rendered":"https:\/\/flamaecol.sk\/produkt\/liatinovakrbovekachlelanordicaisottaconcerchi\/"},"modified":"2025-04-08T18:26:52","modified_gmt":"2025-04-08T16:26:52","slug":"liatinovakrbovekachlelanordicaisottaconcerchi","status":"publish","type":"product","link":"https:\/\/flamaecol.sk\/en\/produkt\/liatinovakrbovekachlelanordicaisottaconcerchi\/","title":{"rendered":"La Nordica Isotta EVO s varnou plat\u0148ou"},"content":{"rendered":"<h2>La Nordica Isotta EVO s varnou plat\u0148ou <br class=\"avia-permanent-lb\" \/><br class=\"avia-permanent-lb\" \/><\/h2>\n<p>Liatinov\u00e9 krbov\u00e9 kachle nielen na k\u00farenie! Zabr\u00fasen\u00e1 plat\u0148a do roviny dokonale odovzd\u00e1va teplo na varenie a m\u00f4\u017ee uspori\u0165 ve\u013ea pe\u0148az\u00ed. <br class=\"avia-permanent-lb\" \/><br class=\"avia-permanent-lb\" \/><\/p>\n<p><span style=\"color: inherit;font-family: inherit;line-height: 1.1\">Najprv bola varn\u00e1 platni\u010dka mal\u00e1 &#8211; na jeden hrniec. Ke\u010f ale pri\u0161li do v\u00fdroby liatinov\u00e9 kachle typov Isetta a Isotta bolo rozhodnut\u00e9. <br class=\"avia-permanent-lb\" \/>N\u00edzky profil z \u0161irok\u00fdm tvarom platne umo\u017enil vyrobi\u0165 aj kachle na drevo, ktor\u00e1 k\u00fari ale maj\u00fa liatinov\u00fa plat\u0148u na varenie v\u00e4\u010d\u0161ieho rozmeru. <br class=\"avia-permanent-lb\" \/>Z estetick\u00e9ho h\u013eadiska nie je vhodn\u00e9 sa st\u00e1le pozera\u0165 na varn\u00fa plat\u0148u, ke\u010f sa to nepou\u017e\u00edva. <br class=\"avia-permanent-lb\" \/>Preto je kryt\u00e1 liatinovou mrie\u017ekou, ktor\u00e1 je smaltovan\u00e1 ako cel\u00e1 pec. <br class=\"avia-permanent-lb\" \/><\/span><\/p>\n<h4>TECHNICK\u00c9\u00a0 PARAMETRE<\/h4>\n<ul>\n<li><span style=\"color: inherit;font-family: inherit;line-height: 1.1\">Menovit\u00fd v\u00fdkon do vzduchu: 11,9 kW<\/span><\/li>\n<li>Rozsah v\u00fdkonu: 5-15 kW<\/li>\n<li><span style=\"color: inherit;font-family: inherit;line-height: 1.1\">Maxim\u00e1lna hodinov\u00e1 spotreba dreva: 3,2, kg \/ h<\/span><\/li>\n<li><span style=\"color: inherit;font-family: inherit;line-height: 1.1\">Priemer dymovodu: 150 mm<\/span><\/li>\n<li><span style=\"color: inherit;font-family: inherit;line-height: 1.1\">V\u00fdvod dymovodu: horn\u00fd \/ zadn\u00fd<\/span><\/li>\n<li><span style=\"color: inherit;font-family: inherit;line-height: 1.1\">\u00da\u010dinnos\u0165: 82%<\/span><\/li>\n<li><span style=\"color: inherit;font-family: inherit;line-height: 1.1\">Hmotnos\u0165: 216 kg<\/span><\/li>\n<li><span style=\"color: inherit;font-family: inherit;line-height: 1.1\">V\u00fd\u0161ka: 830 mm<\/span><\/li>\n<li><span style=\"color: inherit;font-family: inherit;line-height: 1.1\">\u0160\u00edrka: 790 mm<\/span><\/li>\n<li><span style=\"color: inherit;font-family: inherit;line-height: 1.1\">H\u013abka: 660 mm<\/span><\/li>\n<li><span style=\"color: inherit;font-family: inherit;line-height: 1.1\">Typ spa\u013eovania: Dvojstup\u0148ov\u00e9<\/span><\/li>\n<li><span style=\"color: inherit;font-family: inherit;line-height: 1.1\">Obklad: Smaltovan\u00e1 liatina<\/span><\/li>\n<li><span style=\"color: inherit;font-family: inherit;line-height: 1.1\">Kon\u0161trukcie spa\u013eovacieho priestoru: Liatina<\/span><\/li>\n<li><span style=\"color: inherit;font-family: inherit;line-height: 1.1\">Typ ro\u0161tu: Oto\u010dn\u00fd<\/span><\/li>\n<li><span style=\"color: inherit;font-family: inherit;line-height: 1.1\">Popoln\u00edk: Vyberate\u013en\u00fd<\/span><\/li>\n<li><span style=\"color: inherit;font-family: inherit;line-height: 1.1\">Ve\u013ekos\u0165 polien: 300 mm<\/span><\/li>\n<li><span style=\"color: inherit;font-family: inherit;line-height: 1.1\">Rozmer vstupn\u00e9ho otvoru do spa\u013eovacieho priestoru: 519&#215;305 mm<\/span><\/li>\n<li><span style=\"color: inherit;font-family: inherit;line-height: 1.1\">Rozmery spa\u013eovacieho priestoru: 360x597x290 mm<\/span><\/li>\n<li><span style=\"color: inherit;font-family: inherit;line-height: 1.1\">Prenos tepla: S\u00e1lan\u00edm<\/span><\/li>\n<\/ul>\n","protected":false},"excerpt":{"rendered":"<p>Liatinov\u00e9 krbov\u00e9 kachle nielen na k\u00farenie.<\/p>\n","protected":false},"featured_media":1524,"comment_status":"open","ping_status":"closed","template":"","meta":[],"product_brand":[],"product_cat":[196,198,205],"product_tag":[],"class_list":{"0":"post-1532","1":"product","2":"type-product","3":"status-publish","4":"has-post-thumbnail","6":"product_cat-liatinove-kachle","7":"product_cat-nordica","8":"product_cat-nordica-krbove-kachle","10":"first","11":"instock","12":"taxable","13":"shipping-taxable","14":"purchasable","15":"product-type-simple"},"_links":{"self":[{"href":"https:\/\/flamaecol.sk\/en\/wp-json\/wp\/v2\/product\/1532","targetHints":{"allow":["GET"]}}],"collection":[{"href":"https:\/\/flamaecol.sk\/en\/wp-json\/wp\/v2\/product"}],"about":[{"href":"https:\/\/flamaecol.sk\/en\/wp-json\/wp\/v2\/types\/product"}],"replies":[{"embeddable":true,"href":"https:\/\/flamaecol.sk\/en\/wp-json\/wp\/v2\/comments?post=1532"}],"wp:featuredmedia":[{"embeddable":true,"href":"https:\/\/flamaecol.sk\/en\/wp-json\/wp\/v2\/media\/1524"}],"wp:attachment":[{"href":"https:\/\/flamaecol.sk\/en\/wp-json\/wp\/v2\/media?parent=1532"}],"wp:term":[{"taxonomy":"product_brand","embeddable":true,"href":"https:\/\/flamaecol.sk\/en\/wp-json\/wp\/v2\/product_brand?post=1532"},{"taxonomy":"product_cat","embeddable":true,"href":"https:\/\/flamaecol.sk\/en\/wp-json\/wp\/v2\/product_cat?post=1532"},{"taxonomy":"product_tag","embeddable":true,"href":"https:\/\/flamaecol.sk\/en\/wp-json\/wp\/v2\/product_tag?post=1532"}],"curies":[{"name":"wp","href":"https:\/\/api.w.org\/{rel}","templated":true}]}}