{"id":1523,"date":"2015-02-21T11:42:10","date_gmt":"2015-02-21T09:42:10","guid":{"rendered":"https:\/\/flamaecol.sk\/produkt\/liatinovakrbovekachlelanordicaisetta\/"},"modified":"2025-07-21T16:03:10","modified_gmt":"2025-07-21T14:03:10","slug":"liatinovakrbovekachlelanordicaisetta","status":"publish","type":"product","link":"https:\/\/flamaecol.sk\/en\/produkt\/liatinovakrbovekachlelanordicaisetta\/","title":{"rendered":"La Nordica Isetta 16"},"content":{"rendered":"<h2>Liatinov\u00e9 krbov\u00e9 kachle La Nordica Isetta 4.0 <br class=\"avia-permanent-lb\" \/><br class=\"avia-permanent-lb\" \/><\/h2>\n<div>Kvalitn\u00e9 liatinov\u00e9 krbov\u00e9 kachle Isetta 7,3 kW s oto\u010dn\u00fdm ro\u0161tom, popoln\u00edkom, bo\u010dn\u00fdm prikladan\u00edm a regul\u00e1ciou horenia termostatom.<\/div>\n<div>Isetta, Isotta, to s\u00fa dva typy l\u00ed\u0161iace sa iba ve\u013ekos\u0165ou.<\/div>\n<div>\u010eal\u0161ou \u0161pecialitou je povrch chr\u00e1nen\u00fd smaltom.\u00a0 Ale t\u00e1to ochrana je dokonal\u00e1 a \u00faplne vylu\u010duje hrdzu na povrchu.<\/div>\n<div>Bo\u010dn\u00e9 prikladanie &#8211; \u010fal\u0161ie fenom\u00e9n t\u00fdchto v\u00fdrobkov. Men\u0161ie neporiadok a \u017eiadny dym pri prikladan\u00ed.<\/div>\n<div>Kon\u0161trukcia nepozn\u00e1 \u017eiadne kompromisy.<\/div>\n<div><\/div>\n<div><strong>TECHNICK\u00c9 PARAMETRE<\/strong><\/div>\n<div><\/div>\n<div>Menovit\u00fd v\u00fdkon do vzduchu: 7,3 kW<\/div>\n<div>Roszah v\u00fdkonu: 4-10 kW<\/div>\n<div>Maxim\u00e1lna hodinov\u00e1 spotreba dreva: 2,0 kg \/ h<\/div>\n<div>Priemer dymovodu: 150 mm<\/div>\n<div>V\u00fdvod dymovodu: horn\u00fd \/ zadn\u00fd<\/div>\n<div>\u00da\u010dinnos\u0165: 83,6%<\/div>\n<div>Hmotnos\u0165: 160 kg<\/div>\n<div>V\u00fd\u0161ka: 706 mm<\/div>\n<div>\u0160\u00edrka: 660 mm<\/div>\n<div>H\u013abka: 450 mm<\/div>\n<div>Typ spa\u013eovania: Dvojstup\u0148ov\u00e9<\/div>\n<div>Smaltovan\u00e1 liatina<\/div>\n<div>Kon\u0161trukcie spa\u013eovacieho priestoru: Liatina<\/div>\n<div>Typ ro\u0161tu: Oto\u010dn\u00fd<\/div>\n<div>Popoln\u00edk: Vyberate\u013en\u00fd<\/div>\n<div>Ve\u013ekos\u0165 polien: 300 mm<\/div>\n<div>Rozmer vstupn\u00e9ho otvoru do spa\u013eovacieho priestoru: 380&#215;245 mm<\/div>\n<div>Rozmery spa\u013eovacieho priestoru: 300x467x220 mm<\/div>\n<div>Prenos tepla: S\u00e1lan\u00edm<\/div>\n","protected":false},"excerpt":{"rendered":"<div>Isetta, Isotta, to s\u00fa dva typy l\u00ed\u0161iace sa iba ve\u013ekos\u0165ou.<\/div>\n","protected":false},"featured_media":1515,"comment_status":"open","ping_status":"closed","template":"","meta":[],"product_brand":[],"product_cat":[196,198,205],"product_tag":[],"class_list":{"0":"post-1523","1":"product","2":"type-product","3":"status-publish","4":"has-post-thumbnail","6":"product_cat-liatinove-kachle","7":"product_cat-nordica","8":"product_cat-nordica-krbove-kachle","10":"first","11":"onbackorder","12":"taxable","13":"shipping-taxable","14":"purchasable","15":"product-type-simple"},"_links":{"self":[{"href":"https:\/\/flamaecol.sk\/en\/wp-json\/wp\/v2\/product\/1523","targetHints":{"allow":["GET"]}}],"collection":[{"href":"https:\/\/flamaecol.sk\/en\/wp-json\/wp\/v2\/product"}],"about":[{"href":"https:\/\/flamaecol.sk\/en\/wp-json\/wp\/v2\/types\/product"}],"replies":[{"embeddable":true,"href":"https:\/\/flamaecol.sk\/en\/wp-json\/wp\/v2\/comments?post=1523"}],"wp:featuredmedia":[{"embeddable":true,"href":"https:\/\/flamaecol.sk\/en\/wp-json\/wp\/v2\/media\/1515"}],"wp:attachment":[{"href":"https:\/\/flamaecol.sk\/en\/wp-json\/wp\/v2\/media?parent=1523"}],"wp:term":[{"taxonomy":"product_brand","embeddable":true,"href":"https:\/\/flamaecol.sk\/en\/wp-json\/wp\/v2\/product_brand?post=1523"},{"taxonomy":"product_cat","embeddable":true,"href":"https:\/\/flamaecol.sk\/en\/wp-json\/wp\/v2\/product_cat?post=1523"},{"taxonomy":"product_tag","embeddable":true,"href":"https:\/\/flamaecol.sk\/en\/wp-json\/wp\/v2\/product_tag?post=1523"}],"curies":[{"name":"wp","href":"https:\/\/api.w.org\/{rel}","templated":true}]}}