{"id":1514,"date":"2015-02-21T11:29:50","date_gmt":"2015-02-21T09:29:50","guid":{"rendered":"https:\/\/flamaecol.sk\/produkt\/liatinovakrbovekachlelanordicaisettaconcerchi\/"},"modified":"2025-07-21T16:29:13","modified_gmt":"2025-07-21T14:29:13","slug":"liatinovakrbovekachlelanordicaisettaconcerchi","status":"publish","type":"product","link":"https:\/\/flamaecol.sk\/en\/produkt\/liatinovakrbovekachlelanordicaisettaconcerchi\/","title":{"rendered":"La Nordica Isetta 16 s varnou plat\u0148ou"},"content":{"rendered":"<h2>Liatinov\u00e9 krbov\u00e9 \u00a0kachle La Nordica Isetta EVO s varnou plat\u0148ou <br class=\"avia-permanent-lb\" \/><br class=\"avia-permanent-lb\" \/><\/h2>\n<div><\/div>\n<div>Krbov\u00e9 kachle z liatiny Isetta\u00a0 s varnou plat\u0148ou a krycou liatinovou mrie\u017ekou. <br class=\"avia-permanent-lb\" \/><br class=\"avia-permanent-lb\" \/><\/div>\n<div>N\u00edzky profil z \u0161irok\u00fdm tvarom platne umo\u017enil vyrobi\u0165 aj kachle na drevo, ktor\u00e9 k\u00faria ale maj\u00fa liatinov\u00fa plat\u0148u na varenie v\u00e4\u010d\u0161ieho rozmeru.<\/div>\n<div>Z estetick\u00e9ho h\u013eadiska nie je vhodn\u00e9 sa st\u00e1le pozera\u0165 na varn\u00fa plat\u0148u, ke\u010f sa to nepou\u017e\u00edva. Preto je kryt\u00e1 liatinovou mrie\u017ekou, ktor\u00e1 je smaltovan\u00e1 ako cel\u00e1 pec.<\/div>\n<div>\u010eal\u0161ou \u0161pecialitou je povrch chr\u00e1nen\u00fd smaltom.\u00a0 Ale t\u00e1to ochrana je dokonal\u00e1 a \u00faplne vylu\u010duje hrdzu na povrchu.<\/div>\n<div>Bo\u010dn\u00e9 prikladanie &#8211; \u010fal\u0161ie fenom\u00e9n t\u00fdchto v\u00fdrobkov. Men\u0161ie neporiadok a \u017eiadny dym pri prikladan\u00ed.<\/div>\n<div>Kon\u0161trukcia bola navrhnut\u00e1 bez kompromisov ako esteticky tak aj funk\u010dne.<\/div>\n<div>Oto\u010dn\u00fd ro\u0161t s popoln\u00edkom umo\u017e\u0148uje k\u00fari\u0165 cez noc aj briketami.<\/div>\n<div>Teplo je odovzd\u00e1van\u00e9 s\u00e1lan\u00edm do priestoru a pred hor\u00facimi stenami sa mus\u00ed d\u00e1va\u0165 pozor na pop\u00e1lenie. <br class=\"avia-permanent-lb\" \/><br class=\"avia-permanent-lb\" \/><\/div>\n<div><\/div>\n<div>TECHNICK\u00c9 PARAMETRE <br class=\"avia-permanent-lb\" \/><br class=\"avia-permanent-lb\" \/><\/div>\n<div><\/div>\n<div>Menovit\u00fd v\u00fdkon do vzduchu: 7,3 kW<\/div>\n<div>Maxim\u00e1lna hodinov\u00e1 spotreba dreva: 2,1 kg \/ h<\/div>\n<div>Priemer dymovodu: 150 mm<\/div>\n<div>V\u00fdvod dymovodu: horn\u00fd \/ zadn\u00fd<\/div>\n<div>\u00da\u010dinnos\u0165: 80%<\/div>\n<div>Hmotnos\u0165: 167 kg<\/div>\n<div>V\u00fdhrevnos\u0165 priestoru pri zateplen\u00ed 50W \/ 1m\u00b3: 201 m\u00b3<\/div>\n<div>Priemer r\u00fary pre pr\u00edvod extern\u00e9ho vzduchu: &#8211;<\/div>\n<div>V\u00fd\u0161ka: 760 mm<\/div>\n<div>\u0160\u00edrka: 660 mm<\/div>\n<div>H\u013abka: 590 mm<\/div>\n<div>Typ spa\u013eovania: Dvojstup\u0148ov\u00e9<\/div>\n<div>Obklad: Smaltovan\u00e1 liatina \u010dierna<\/div>\n<div>Kon\u0161trukcie spa\u013eovacieho priestoru: Liatina<\/div>\n<div>Popoln\u00edk: Vyberate\u013en\u00fd<\/div>\n<div>Ve\u013ekos\u0165 polien: 300 mm<\/div>\n<div>Rozmer vstupn\u00e9ho otvoru do spa\u013eovacieho priestoru: 380&#215;245 mm<\/div>\n<div><\/div>\n","protected":false},"excerpt":{"rendered":"<p>La Nordica Isetta\u00a0 s varnou plat\u0148ou a krycou liatinovou mrie\u017ekou.<\/p>\n","protected":false},"featured_media":1510,"comment_status":"open","ping_status":"closed","template":"","meta":[],"product_brand":[],"product_cat":[296,196,198],"product_tag":[],"class_list":{"0":"post-1514","1":"product","2":"type-product","3":"status-publish","4":"has-post-thumbnail","6":"product_cat-kachle","7":"product_cat-liatinove-kachle","8":"product_cat-nordica","10":"first","11":"onbackorder","12":"sale","13":"taxable","14":"shipping-taxable","15":"purchasable","16":"product-type-simple"},"_links":{"self":[{"href":"https:\/\/flamaecol.sk\/en\/wp-json\/wp\/v2\/product\/1514","targetHints":{"allow":["GET"]}}],"collection":[{"href":"https:\/\/flamaecol.sk\/en\/wp-json\/wp\/v2\/product"}],"about":[{"href":"https:\/\/flamaecol.sk\/en\/wp-json\/wp\/v2\/types\/product"}],"replies":[{"embeddable":true,"href":"https:\/\/flamaecol.sk\/en\/wp-json\/wp\/v2\/comments?post=1514"}],"wp:featuredmedia":[{"embeddable":true,"href":"https:\/\/flamaecol.sk\/en\/wp-json\/wp\/v2\/media\/1510"}],"wp:attachment":[{"href":"https:\/\/flamaecol.sk\/en\/wp-json\/wp\/v2\/media?parent=1514"}],"wp:term":[{"taxonomy":"product_brand","embeddable":true,"href":"https:\/\/flamaecol.sk\/en\/wp-json\/wp\/v2\/product_brand?post=1514"},{"taxonomy":"product_cat","embeddable":true,"href":"https:\/\/flamaecol.sk\/en\/wp-json\/wp\/v2\/product_cat?post=1514"},{"taxonomy":"product_tag","embeddable":true,"href":"https:\/\/flamaecol.sk\/en\/wp-json\/wp\/v2\/product_tag?post=1514"}],"curies":[{"name":"wp","href":"https:\/\/api.w.org\/{rel}","templated":true}]}}