{"id":1509,"date":"2015-02-21T11:02:28","date_gmt":"2015-02-21T09:02:28","guid":{"rendered":"https:\/\/flamaecol.sk\/produkt\/liatinovakrbovekachlelanordicagiulietta\/"},"modified":"2025-04-08T12:53:00","modified_gmt":"2025-04-08T10:53:00","slug":"liatinove-krbove-kachle-lanordica-giulietta40","status":"publish","type":"product","link":"https:\/\/flamaecol.sk\/en\/produkt\/liatinove-krbove-kachle-lanordica-giulietta40\/","title":{"rendered":"La Nordica Giulietta X 4.0"},"content":{"rendered":"<h2>Liatinov\u00e9 kachle La Nordica Giulietta<\/h2>\n<div><\/div>\n<div>Mal\u00e9 celolitinov\u00e9 krbov\u00e9 kachle s v\u00fdkonom 6 kW trojit\u00fdm ekologick\u00fdm horen\u00edm.<\/div>\n<div>Najmen\u0161ie z RADY s\u00e1lav\u00fdch liatinov\u00fdch kachl\u00ed La Nordica.<\/div>\n<div>V\u00fdkon Okolo 6 kW umo\u017e\u0148uje in\u0161tal\u00e1ciu vykona\u0165 do mal\u00fdch priestorov.<\/div>\n<div><\/div>\n<div><strong>TECHNICK\u00c9 PARAMETRE <br class=\"avia-permanent-lb\" \/><br class=\"avia-permanent-lb\" \/><\/strong><\/div>\n<div>Menovit\u00fd V\u00fdkon robi\u0165 VZDUCHU: 6 kW<\/div>\n<div>Rozsah v\u00fdkonu: 3-9 kW\/hod.<\/div>\n<div>Maxim\u00e1lna hodinov\u00e1 Spotreba dreva: 1,85 kg \/ h<\/div>\n<div>Priemer dymovodu: 120 mm<\/div>\n<div>V\u00fdvod dymovodu: horn\u00fd \/ zadn\u00fd<\/div>\n<div>\u00da\u010dinnos\u0165: 81,7%<\/div>\n<div>Hmotnos\u0165: 117 kg<\/div>\n<div>V\u00fd\u0161ka: 706 mm<\/div>\n<div>\u0160\u00edrka: 487 mm<\/div>\n<div>H\u013abka: 430 mm<\/div>\n<div>Typ spa\u013eovania: Trojstup\u0148ov\u00e9<\/div>\n<div>Obklad: Smaltovan\u00e1 liatina<\/div>\n<div>Kon\u0161trukcie spa\u013eovacieho priestoru: Liatina<\/div>\n<div>Typ ro\u0161tu: oto\u010dn\u00fd<\/div>\n<div>Popoln\u00edk: Vyberate\u013en\u00fd<\/div>\n<div>Ve\u013ekos\u0165 polien: 300 mm<\/div>\n<div>Rozmer vstupn\u00e9ho otvoru robi\u0165 spa\u013eovacieho priestoru: 235&#215;280 mm<\/div>\n<div>Rozmery spa\u013eovacieho priestoru: 290x350x225 mm<\/div>\n","protected":false},"excerpt":{"rendered":"<p>Liatinov\u00e9 kachle La Nordica Giulietta Mal\u00e9 celolitinov\u00e9 krbov\u00e9 kachle s v\u00fdkonom 6 kW trojit\u00fdm ekologick\u00fdm horen\u00edm. Najmen\u0161ie z RADY s\u00e1lav\u00fdch liatinov\u00fdch kachl\u00ed La Nordica. V\u00fdkon Okolo 6 kW umo\u017e\u0148uje in\u0161tal\u00e1ciu vykona\u0165 do mal\u00fdch priestorov. TECHNICK\u00c9 PARAMETRE Menovit\u00fd V\u00fdkon robi\u0165 VZDUCHU: 6 kW Rozsah v\u00fdkonu: 3-9 kW\/hod. Maxim\u00e1lna hodinov\u00e1 Spotreba dreva: 1,85 kg \/ h Priemer [&hellip;]<\/p>\n","protected":false},"featured_media":1503,"comment_status":"open","ping_status":"closed","template":"","meta":[],"product_brand":[],"product_cat":[296,196,198,205],"product_tag":[],"class_list":{"0":"post-1509","1":"product","2":"type-product","3":"status-publish","4":"has-post-thumbnail","6":"product_cat-kachle","7":"product_cat-liatinove-kachle","8":"product_cat-nordica","9":"product_cat-nordica-krbove-kachle","11":"first","12":"outofstock","13":"taxable","14":"shipping-taxable","15":"purchasable","16":"product-type-simple"},"_links":{"self":[{"href":"https:\/\/flamaecol.sk\/en\/wp-json\/wp\/v2\/product\/1509","targetHints":{"allow":["GET"]}}],"collection":[{"href":"https:\/\/flamaecol.sk\/en\/wp-json\/wp\/v2\/product"}],"about":[{"href":"https:\/\/flamaecol.sk\/en\/wp-json\/wp\/v2\/types\/product"}],"replies":[{"embeddable":true,"href":"https:\/\/flamaecol.sk\/en\/wp-json\/wp\/v2\/comments?post=1509"}],"wp:featuredmedia":[{"embeddable":true,"href":"https:\/\/flamaecol.sk\/en\/wp-json\/wp\/v2\/media\/1503"}],"wp:attachment":[{"href":"https:\/\/flamaecol.sk\/en\/wp-json\/wp\/v2\/media?parent=1509"}],"wp:term":[{"taxonomy":"product_brand","embeddable":true,"href":"https:\/\/flamaecol.sk\/en\/wp-json\/wp\/v2\/product_brand?post=1509"},{"taxonomy":"product_cat","embeddable":true,"href":"https:\/\/flamaecol.sk\/en\/wp-json\/wp\/v2\/product_cat?post=1509"},{"taxonomy":"product_tag","embeddable":true,"href":"https:\/\/flamaecol.sk\/en\/wp-json\/wp\/v2\/product_tag?post=1509"}],"curies":[{"name":"wp","href":"https:\/\/api.w.org\/{rel}","templated":true}]}}