{"id":4242,"date":"2025-01-11T18:58:26","date_gmt":"2025-01-11T16:58:26","guid":{"rendered":"https:\/\/flamaecol.sk\/caste-otazky\/"},"modified":"2025-01-11T18:58:26","modified_gmt":"2025-01-11T16:58:26","slug":"caste-otazky","status":"publish","type":"page","link":"https:\/\/flamaecol.sk\/en\/caste-otazky\/","title":{"rendered":"\u010cast\u00e9 ot\u00e1zky"},"content":{"rendered":"<p><h3>Ak\u00e1 je v\u00fd\u0161ka po\u0161tovn\u00e9ho?<\/h3>\n<p>V cene tovarov nie je zahrnut\u00e9 po\u0161tovn\u00e9 alebo doprava tovaru.<br \/>V\u0161etky ceny s\u00fa vr\u00e1tane 19% DPH! Cena po\u0161tovn\u00e9ho je z\u00e1visl\u00e1 od hmotnosti a ceny z\u00e1sielky.<br \/>V\u0161etky z\u00e1sielky pois\u0165ujeme. Baln\u00e9 ne\u00fa\u010dtujeme. Po\u0161tou je mo\u017en\u00e9 zasla\u0165 tovar s celkovou hmotnos\u0165ou do 15kg. Limituj\u00facim faktorom je okrem hmotnosti aj tvar, resp. ve\u013ekos\u0165 z\u00e1sielky cennik.posta.sk<br \/>Objednan\u00fd tovar nad 15kg zasielame expresnou slu\u017ebou TEN Expres Slovakia, s.r.o. pod\u013ea aktu\u00e1lneho cenn\u00edka http:\/\/www.ten-expres.sk<br \/>Tovar s hmotnos\u0165ou nad 50kg je mo\u017en\u00e9 zasla\u0165 aj na\u0161ou firmou. Pokia\u013e ide napr. o krbov\u00e9 vlo\u017eky, krbov\u00e9 pece a pod. firma Peter Veli\u010dka Flama ecol . doru\u010duje tak\u00fdto osobne po dohode so z\u00e1kazn\u00edkom. Pri v\u00e4\u010d\u0161ej objedn\u00e1vke alebo dlhodobej spolupr\u00e1ci je mo\u017enos\u0165 dohodn\u00fa\u0165 dovoz gr\u00e1tis.<\/p>\n<h3>Po\u0161tovn\u00e9:<\/h3>\n<ul>\n<li>Slovensk\u00e1 po\u0161ta 1 trieda: (do 24 hod\u00edn)<\/li>\n<li>Dobierka po\u0161ta 1 trieda : 4,00 \u20ac<\/li>\n<li>Kuri\u00e9rska slu\u017eba TEN EXPRESS: (do 24 hod\u00edn)<\/li>\n<li>Dobierka kuri\u00e9r do 50kg : 18,00 \u20ac<\/li>\n<li>Bankov\u00fd prevod kuri\u00e9r do 50kg: 15 \u20ac<\/li>\n<li>Kuri\u00e9r nad 50kg: na dotaz<\/li>\n<\/ul>\n<p><\/p>\n<h3>Doba dodania tovaru<\/h3>\n<p>Tovar zasielame Slovenskou po\u0161tou do 3 pracovn\u00fdch dn\u00ed, alebo expresnou slu\u017ebou Ten Express do 24 hod\u00edn (ak si tovar objedn\u00e1te do 12:00! V opa\u010dnom pr\u00edpade bude doru\u010den\u00fd do 48 hod\u00edn.)<\/p>\n<p><\/p>\n<h3>M\u00f4\u017eem u V\u00e1s nakupova\u0165 aj ke\u010f nie som z Turzovky?<\/h3>\n<p>Samozrejme. Tovar posielame v r\u00e1mci cel\u00e9ho Slovenska a v pr\u00edpade z\u00e1ujmu aj do zahrani\u010dia. Pre viac inform\u00e1ci\u00ed n\u00e1m pros\u00edm nap\u00ed\u0161te na n\u00e1\u0161 email: info@krbyshop.sk<\/p>\n<h3>Ako si m\u00f4\u017eem u V\u00e1s objedna\u0165 tovar?<\/h3>\n<p>Tovar si m\u00f4\u017eete objedna\u0165 jednoduch\u00fdm sp\u00f4sobom. Nonstop na na\u0161ej internetovej str\u00e1nke: www.krbyshop.sk tla\u010d\u00edtkom &#8220;do ko\u0161\u00edka&#8221; a ak ste s tovarom spokojn\u00ed m\u00f4\u017eete to povr\u010fi\u0165 tla\u010d\u00edtkom &#8220;Poklad\u0148a&#8221; kde vyp\u00ed\u0161ete Va\u0161e \u00fadaje. Taktie\u017e m\u00f4\u017eete objedn\u00e1va\u0165 telefonicky<\/p>\n<h3>Chcel by som posla\u0165 peniaze bankov\u00fdm prevodom. Ak\u00e9 je Va\u0161e \u010d\u00edslo \u00fa\u010dtu?<\/h3>\n<p>\u010c\u00edslo \u00fa\u010dtu je 0313982578\/0900 (Slovensk\u00e1 sporite\u013e\u0148a), meno: Peter Veli\u010dka-Flama ecol Tovar V\u00e1m po\u0161leme hne\u010f ako bud\u00fa peniaze prip\u00edsan\u00e9 na \u00fa\u010dte.<br \/>Variabiln\u00fd symbol je \u010d\u00edslo objedn\u00e1vky, ktor\u00e9 V\u00e1m pr\u00edde na V\u00e1\u0161 email.<\/p>\n<h3>Kontakt<\/h3>\n<p>e-mail: <a target=\"\" href=\"http:\/\/mailto:info@krbyshop.sk\">info@krbyshop.sk<\/a><br \/>&nbsp;telef\u00f3n:0917 253 685<\/p>\n","protected":false},"excerpt":{"rendered":"<p>Ak\u00e1 je v\u00fd\u0161ka po\u0161tovn\u00e9ho? V cene tovarov nie je zahrnut\u00e9 po\u0161tovn\u00e9 alebo doprava tovaru.V\u0161etky ceny s\u00fa vr\u00e1tane 19% DPH! Cena po\u0161tovn\u00e9ho je z\u00e1visl\u00e1 od hmotnosti a ceny z\u00e1sielky.V\u0161etky z\u00e1sielky pois\u0165ujeme. Baln\u00e9 ne\u00fa\u010dtujeme. Po\u0161tou je mo\u017en\u00e9 zasla\u0165 tovar s celkovou hmotnos\u0165ou do 15kg. Limituj\u00facim faktorom je okrem hmotnosti aj tvar, resp. ve\u013ekos\u0165 z\u00e1sielky cennik.posta.skObjednan\u00fd tovar nad [&hellip;]<\/p>\n","protected":false},"author":1,"featured_media":0,"parent":0,"menu_order":0,"comment_status":"closed","ping_status":"closed","template":"","meta":{"footnotes":""},"class_list":["post-4242","page","type-page","status-publish","hentry"],"_links":{"self":[{"href":"https:\/\/flamaecol.sk\/en\/wp-json\/wp\/v2\/pages\/4242","targetHints":{"allow":["GET"]}}],"collection":[{"href":"https:\/\/flamaecol.sk\/en\/wp-json\/wp\/v2\/pages"}],"about":[{"href":"https:\/\/flamaecol.sk\/en\/wp-json\/wp\/v2\/types\/page"}],"author":[{"embeddable":true,"href":"https:\/\/flamaecol.sk\/en\/wp-json\/wp\/v2\/users\/1"}],"replies":[{"embeddable":true,"href":"https:\/\/flamaecol.sk\/en\/wp-json\/wp\/v2\/comments?post=4242"}],"version-history":[{"count":0,"href":"https:\/\/flamaecol.sk\/en\/wp-json\/wp\/v2\/pages\/4242\/revisions"}],"wp:attachment":[{"href":"https:\/\/flamaecol.sk\/en\/wp-json\/wp\/v2\/media?parent=4242"}],"curies":[{"name":"wp","href":"https:\/\/api.w.org\/{rel}","templated":true}]}}