{"id":4236,"date":"2025-01-11T18:58:25","date_gmt":"2025-01-11T16:58:25","guid":{"rendered":"https:\/\/flamaecol.sk\/doprava\/"},"modified":"2025-01-11T18:58:25","modified_gmt":"2025-01-11T16:58:25","slug":"doprava","status":"publish","type":"page","link":"https:\/\/flamaecol.sk\/en\/doprava\/","title":{"rendered":"Doprava"},"content":{"rendered":"<h4><span style=\"font-weight: bold;\">Dodacie podmienky<\/span><\/h4>\n<p>Dod\u00e1vky objednan\u00e9ho tovaru bud\u00fa pod\u013ea dostupnosti produktov a prev\u00e1dzkov\u00fdch mo\u017enost\u00ed pred\u00e1vaj\u00faceho realizovan\u00e9 v \u010do najkrat\u0161om term\u00edne. <br \/>O term\u00edne dod\u00e1vky informujeme z\u00e1kazn\u00edkov e-mailom, sms, alebo telefonicky. Pri bankovom prevode tovar zasielame a\u017e po prip\u00edsan\u00ed pe\u0148az\u00ed na n\u00e1\u0161 \u00fa\u010det. Ak sa doba vyexpedovania tovaru predl\u017e\u00ed, budeme V\u00e1s o tom informova\u0165.<br \/>Tovar V\u00e1m bude doru\u010den\u00fd na adresu, ktor\u00fa uvediete v objedn\u00e1vkovom formul\u00e1ri.<br \/>Po odoslan\u00ed objedn\u00e1vky pr\u00edde na Va\u0161u e-mailov\u00fa adresu automatick\u00e9 potvrdenie objedn\u00e1vky a v de\u0148 odoslania obdr\u017e\u00edte aj podacie \u010d\u00edslo z\u00e1sielky.<br \/>Ak o ulo\u017een\u00ed z\u00e1sielky nedostanete ozn\u00e1menie od Slovenskej po\u0161ty do 3 pracovn\u00fdch dn\u00ed, informujte sa na Va\u0161ej po\u0161te s podac\u00edm \u010d\u00edslom z\u00e1sielky. <\/p>\n","protected":false},"excerpt":{"rendered":"<p>Dodacie podmienky Dod\u00e1vky objednan\u00e9ho tovaru bud\u00fa pod\u013ea dostupnosti produktov a prev\u00e1dzkov\u00fdch mo\u017enost\u00ed pred\u00e1vaj\u00faceho realizovan\u00e9 v \u010do najkrat\u0161om term\u00edne. O term\u00edne dod\u00e1vky informujeme z\u00e1kazn\u00edkov e-mailom, sms, alebo telefonicky. Pri bankovom prevode tovar zasielame a\u017e po prip\u00edsan\u00ed pe\u0148az\u00ed na n\u00e1\u0161 \u00fa\u010det. Ak sa doba vyexpedovania tovaru predl\u017e\u00ed, budeme V\u00e1s o tom informova\u0165.Tovar V\u00e1m bude doru\u010den\u00fd na adresu, [&hellip;]<\/p>\n","protected":false},"author":1,"featured_media":0,"parent":0,"menu_order":2,"comment_status":"closed","ping_status":"closed","template":"","meta":{"footnotes":""},"class_list":["post-4236","page","type-page","status-publish","hentry"],"_links":{"self":[{"href":"https:\/\/flamaecol.sk\/en\/wp-json\/wp\/v2\/pages\/4236","targetHints":{"allow":["GET"]}}],"collection":[{"href":"https:\/\/flamaecol.sk\/en\/wp-json\/wp\/v2\/pages"}],"about":[{"href":"https:\/\/flamaecol.sk\/en\/wp-json\/wp\/v2\/types\/page"}],"author":[{"embeddable":true,"href":"https:\/\/flamaecol.sk\/en\/wp-json\/wp\/v2\/users\/1"}],"replies":[{"embeddable":true,"href":"https:\/\/flamaecol.sk\/en\/wp-json\/wp\/v2\/comments?post=4236"}],"version-history":[{"count":0,"href":"https:\/\/flamaecol.sk\/en\/wp-json\/wp\/v2\/pages\/4236\/revisions"}],"wp:attachment":[{"href":"https:\/\/flamaecol.sk\/en\/wp-json\/wp\/v2\/media?parent=4236"}],"curies":[{"name":"wp","href":"https:\/\/api.w.org\/{rel}","templated":true}]}}