{"id":1086,"date":"2024-12-30T22:11:41","date_gmt":"2024-12-30T20:11:41","guid":{"rendered":"https:\/\/flamaecol.sk\/cart\/"},"modified":"2025-01-07T12:58:41","modified_gmt":"2025-01-07T10:58:41","slug":"cart","status":"publish","type":"page","link":"https:\/\/flamaecol.sk\/en\/cart\/","title":{"rendered":"Cart"},"content":{"rendered":"<div data-block-name=\"woocommerce\/cart\" class=\"wp-block-woocommerce-cart alignwide is-loading\"><div data-block-name=\"woocommerce\/filled-cart-block\" class=\"wp-block-woocommerce-filled-cart-block\"><div data-block-name=\"woocommerce\/cart-items-block\" class=\"wp-block-woocommerce-cart-items-block\"><div data-block-name=\"woocommerce\/cart-line-items-block\" class=\"wp-block-woocommerce-cart-line-items-block\"><\/div>\n\n<div data-block-name=\"woocommerce\/cart-cross-sells-block\" class=\"wp-block-woocommerce-cart-cross-sells-block\"><h2 class=\"wp-block-heading has-large-font-size\">Mohlo by v\u00e1s zauj\u00edma\u0165&#8230;<\/h2>\n\n<div data-block-name=\"woocommerce\/cart-cross-sells-products-block\" class=\"wp-block-woocommerce-cart-cross-sells-products-block\"><\/div><\/div><\/div>\n\n<div data-block-name=\"woocommerce\/cart-totals-block\" class=\"wp-block-woocommerce-cart-totals-block\"><div data-block-name=\"woocommerce\/cart-order-summary-block\" class=\"wp-block-woocommerce-cart-order-summary-block\"><div data-block-name=\"woocommerce\/cart-order-summary-heading-block\" class=\"wp-block-woocommerce-cart-order-summary-heading-block\"><\/div><div data-block-name=\"woocommerce\/cart-order-summary-coupon-form-block\" class=\"wp-block-woocommerce-cart-order-summary-coupon-form-block\"><\/div><div data-block-name=\"woocommerce\/cart-order-summary-totals-block\" class=\"wp-block-woocommerce-cart-order-summary-totals-block\">\n<div data-block-name=\"woocommerce\/cart-order-summary-subtotal-block\" class=\"wp-block-woocommerce-cart-order-summary-subtotal-block\"><\/div>\n<div data-block-name=\"woocommerce\/cart-order-summary-discount-block\" class=\"wp-block-woocommerce-cart-order-summary-discount-block\"><\/div>\n<div data-block-name=\"woocommerce\/cart-order-summary-fee-block\" class=\"wp-block-woocommerce-cart-order-summary-fee-block\"><\/div>\n<div data-block-name=\"woocommerce\/cart-order-summary-shipping-block\" class=\"wp-block-woocommerce-cart-order-summary-shipping-block\"><\/div>\n<div data-block-name=\"woocommerce\/cart-order-summary-taxes-block\" class=\"wp-block-woocommerce-cart-order-summary-taxes-block\"><\/div><\/div><\/div>\n\n<div data-block-name=\"woocommerce\/cart-express-payment-block\" class=\"wp-block-woocommerce-cart-express-payment-block\"><\/div>\n\n<div data-block-name=\"woocommerce\/proceed-to-checkout-block\" class=\"wp-block-woocommerce-proceed-to-checkout-block\"><\/div>\n\n<div data-block-name=\"woocommerce\/cart-accepted-payment-methods-block\" class=\"wp-block-woocommerce-cart-accepted-payment-methods-block\"><\/div><\/div><\/div>\n\n<div data-block-name=\"woocommerce\/empty-cart-block\" class=\"wp-block-woocommerce-empty-cart-block\"><h2 class=\"wp-block-heading has-text-align-center with-empty-cart-icon wc-block-cart__empty-cart__title\">V\u00e1\u0161 ko\u0161\u00edk je moment\u00e1lne pr\u00e1zdny!<\/h2>\n\n<hr class=\"wp-block-separator has-alpha-channel-opacity is-style-dots\"\/>\n\n<h2 class=\"wp-block-heading has-text-align-center\">Novinky v obchode<\/h2>\n\n<div data-block-name=\"woocommerce\/product-new\" data-columns=\"4\" data-rows=\"1\" class=\"wc-block-grid wp-block-product-new wp-block-woocommerce-product-new wc-block-product-new has-4-columns\"><ul class=\"wc-block-grid__products\"><li class=\"wc-block-grid__product\">\n\t\t\t\t<a href=\"https:\/\/flamaecol.sk\/en\/produkt\/spartherm-premium-arte-u50h\/\" class=\"wc-block-grid__product-link\">\n\t\t\t\t\t<div class=\"wc-block-grid__product-onsale\">\n\t\t\t<span aria-hidden=\"true\">Sale<\/span>\n\t\t\t<span class=\"screen-reader-text\">Product on sale<\/span>\n\t\t<\/div>\n\t\t\t\t\t<div class=\"wc-block-grid__product-image\"><img loading=\"lazy\" decoding=\"async\" width=\"300\" height=\"300\" src=\"https:\/\/flamaecol.sk\/wp-content\/uploads\/2025\/12\/spartherm-u50-1-300x300.jpg\" class=\"attachment-woocommerce_thumbnail size-woocommerce_thumbnail\" alt=\"Spartherm Premium Arte U50h\" srcset=\"https:\/\/flamaecol.sk\/wp-content\/uploads\/2025\/12\/spartherm-u50-1-300x300.jpg 300w, https:\/\/flamaecol.sk\/wp-content\/uploads\/2025\/12\/spartherm-u50-1-80x80.jpg 80w, https:\/\/flamaecol.sk\/wp-content\/uploads\/2025\/12\/spartherm-u50-1-36x36.jpg 36w, https:\/\/flamaecol.sk\/wp-content\/uploads\/2025\/12\/spartherm-u50-1-180x180.jpg 180w, https:\/\/flamaecol.sk\/wp-content\/uploads\/2025\/12\/spartherm-u50-1-120x120.jpg 120w, https:\/\/flamaecol.sk\/wp-content\/uploads\/2025\/12\/spartherm-u50-1-450x450.jpg 450w, https:\/\/flamaecol.sk\/wp-content\/uploads\/2025\/12\/spartherm-u50-1-100x100.jpg 100w\" sizes=\"auto, (max-width: 300px) 100vw, 300px\" \/><\/div>\n\t\t\t\t\t<div class=\"wc-block-grid__product-title\">Spartherm Premium Arte U50h<\/div>\n\t\t\t\t<\/a>\n\t\t\t\t<div class=\"wc-block-grid__product-price price\"><del aria-hidden=\"true\"><span class=\"woocommerce-Price-amount amount\">11646,00&nbsp;<span class=\"woocommerce-Price-currencySymbol\">&euro;<\/span><\/span><\/del> <span class=\"screen-reader-text\">Original price was: 11646,00&nbsp;&euro;.<\/span><ins aria-hidden=\"true\"><span class=\"woocommerce-Price-amount amount\">9300,00&nbsp;<span class=\"woocommerce-Price-currencySymbol\">&euro;<\/span><\/span><\/ins><span class=\"screen-reader-text\">Current price is: 9300,00&nbsp;&euro;.<\/span> <small class=\"woocommerce-price-suffix\">s DPH<\/small><\/div>\n\t\t\t\t\n\t\t\t\t<div class=\"wp-block-button wc-block-grid__product-add-to-cart\"><a href=\"?add-to-cart=5750\" aria-label=\"Add to cart: &ldquo;Spartherm Premium Arte U50h&rdquo;\" data-quantity=\"1\" data-product_id=\"5750\" data-product_sku=\"Premium-Arte-U50h\" data-price=\"9300\" rel=\"nofollow\" class=\"wp-block-button__link  add_to_cart_button ajax_add_to_cart\">Add to cart<\/a><\/div>\n\t\t\t<\/li><li class=\"wc-block-grid__product\">\n\t\t\t\t<a href=\"https:\/\/flamaecol.sk\/en\/produkt\/krbova-vlozka-spartherm-varia-as-2lh\/\" class=\"wc-block-grid__product-link\">\n\t\t\t\t\t<div class=\"wc-block-grid__product-onsale\">\n\t\t\t<span aria-hidden=\"true\">Sale<\/span>\n\t\t\t<span class=\"screen-reader-text\">Product on sale<\/span>\n\t\t<\/div>\n\t\t\t\t\t<div class=\"wc-block-grid__product-image\"><img loading=\"lazy\" decoding=\"async\" width=\"300\" height=\"300\" src=\"https:\/\/flamaecol.sk\/wp-content\/uploads\/2025\/12\/spartherm-Varia-AS-2Lh-300x300.jpg\" class=\"attachment-woocommerce_thumbnail size-woocommerce_thumbnail\" alt=\"Spartherm Varia AS 2Lh\" srcset=\"https:\/\/flamaecol.sk\/wp-content\/uploads\/2025\/12\/spartherm-Varia-AS-2Lh-300x300.jpg 300w, https:\/\/flamaecol.sk\/wp-content\/uploads\/2025\/12\/spartherm-Varia-AS-2Lh-80x80.jpg 80w, https:\/\/flamaecol.sk\/wp-content\/uploads\/2025\/12\/spartherm-Varia-AS-2Lh-36x36.jpg 36w, https:\/\/flamaecol.sk\/wp-content\/uploads\/2025\/12\/spartherm-Varia-AS-2Lh-180x180.jpg 180w, https:\/\/flamaecol.sk\/wp-content\/uploads\/2025\/12\/spartherm-Varia-AS-2Lh-120x120.jpg 120w, https:\/\/flamaecol.sk\/wp-content\/uploads\/2025\/12\/spartherm-Varia-AS-2Lh-450x450.jpg 450w, https:\/\/flamaecol.sk\/wp-content\/uploads\/2025\/12\/spartherm-Varia-AS-2Lh-100x100.jpg 100w\" sizes=\"auto, (max-width: 300px) 100vw, 300px\" \/><\/div>\n\t\t\t\t\t<div class=\"wc-block-grid__product-title\">Spartherm Varia AS 2Lh<\/div>\n\t\t\t\t<\/a>\n\t\t\t\t<div class=\"wc-block-grid__product-price price\"><del aria-hidden=\"true\"><span class=\"woocommerce-Price-amount amount\">4613,00&nbsp;<span class=\"woocommerce-Price-currencySymbol\">&euro;<\/span><\/span><\/del> <span class=\"screen-reader-text\">Original price was: 4613,00&nbsp;&euro;.<\/span><ins aria-hidden=\"true\"><span class=\"woocommerce-Price-amount amount\">3900,00&nbsp;<span class=\"woocommerce-Price-currencySymbol\">&euro;<\/span><\/span><\/ins><span class=\"screen-reader-text\">Current price is: 3900,00&nbsp;&euro;.<\/span> <small class=\"woocommerce-price-suffix\">s DPH<\/small><\/div>\n\t\t\t\t\n\t\t\t\t<div class=\"wp-block-button wc-block-grid__product-add-to-cart\"><a href=\"?add-to-cart=5737\" aria-label=\"Add to cart: &ldquo;Spartherm Varia AS 2Lh&rdquo;\" data-quantity=\"1\" data-product_id=\"5737\" data-product_sku=\"Varia AS 2Lh\" data-price=\"3900\" rel=\"nofollow\" class=\"wp-block-button__link  add_to_cart_button ajax_add_to_cart\">Add to cart<\/a><\/div>\n\t\t\t<\/li><li class=\"wc-block-grid__product\">\n\t\t\t\t<a href=\"https:\/\/flamaecol.sk\/en\/produkt\/krbova-vlozka-spartherm-arte-u-50-h\/\" class=\"wc-block-grid__product-link\">\n\t\t\t\t\t<div class=\"wc-block-grid__product-onsale\">\n\t\t\t<span aria-hidden=\"true\">Sale<\/span>\n\t\t\t<span class=\"screen-reader-text\">Product on sale<\/span>\n\t\t<\/div>\n\t\t\t\t\t<div class=\"wc-block-grid__product-image\"><img loading=\"lazy\" decoding=\"async\" width=\"300\" height=\"300\" src=\"https:\/\/flamaecol.sk\/wp-content\/uploads\/2025\/12\/csm_kamin-kamineinsatz_arte-u-50h_f2f4a38615-2-300x300.jpg\" class=\"attachment-woocommerce_thumbnail size-woocommerce_thumbnail\" alt=\"Spartherm Arte U50h\" srcset=\"https:\/\/flamaecol.sk\/wp-content\/uploads\/2025\/12\/csm_kamin-kamineinsatz_arte-u-50h_f2f4a38615-2-300x300.jpg 300w, https:\/\/flamaecol.sk\/wp-content\/uploads\/2025\/12\/csm_kamin-kamineinsatz_arte-u-50h_f2f4a38615-2-80x80.jpg 80w, https:\/\/flamaecol.sk\/wp-content\/uploads\/2025\/12\/csm_kamin-kamineinsatz_arte-u-50h_f2f4a38615-2-36x36.jpg 36w, https:\/\/flamaecol.sk\/wp-content\/uploads\/2025\/12\/csm_kamin-kamineinsatz_arte-u-50h_f2f4a38615-2-180x180.jpg 180w, https:\/\/flamaecol.sk\/wp-content\/uploads\/2025\/12\/csm_kamin-kamineinsatz_arte-u-50h_f2f4a38615-2-120x120.jpg 120w, https:\/\/flamaecol.sk\/wp-content\/uploads\/2025\/12\/csm_kamin-kamineinsatz_arte-u-50h_f2f4a38615-2-450x450.jpg 450w, https:\/\/flamaecol.sk\/wp-content\/uploads\/2025\/12\/csm_kamin-kamineinsatz_arte-u-50h_f2f4a38615-2-100x100.jpg 100w\" sizes=\"auto, (max-width: 300px) 100vw, 300px\" \/><\/div>\n\t\t\t\t\t<div class=\"wc-block-grid__product-title\">Spartherm Arte U50h<\/div>\n\t\t\t\t<\/a>\n\t\t\t\t<div class=\"wc-block-grid__product-price price\"><del aria-hidden=\"true\"><span class=\"woocommerce-Price-amount amount\">7760,00&nbsp;<span class=\"woocommerce-Price-currencySymbol\">&euro;<\/span><\/span><\/del> <span class=\"screen-reader-text\">Original price was: 7760,00&nbsp;&euro;.<\/span><ins aria-hidden=\"true\"><span class=\"woocommerce-Price-amount amount\">6590,00&nbsp;<span class=\"woocommerce-Price-currencySymbol\">&euro;<\/span><\/span><\/ins><span class=\"screen-reader-text\">Current price is: 6590,00&nbsp;&euro;.<\/span> <small class=\"woocommerce-price-suffix\">s DPH<\/small><\/div>\n\t\t\t\t\n\t\t\t\t<div class=\"wp-block-button wc-block-grid__product-add-to-cart\"><a href=\"?add-to-cart=5720\" aria-label=\"Add to cart: &ldquo;Spartherm Arte U50h&rdquo;\" data-quantity=\"1\" data-product_id=\"5720\" data-product_sku=\"Arte-U50h\" data-price=\"6590\" rel=\"nofollow\" class=\"wp-block-button__link  add_to_cart_button ajax_add_to_cart\">Add to cart<\/a><\/div>\n\t\t\t<\/li><li class=\"wc-block-grid__product\">\n\t\t\t\t<a href=\"https:\/\/flamaecol.sk\/en\/produkt\/krbova-vlozka-hoxter-haka-60-50-sh\/\" class=\"wc-block-grid__product-link\">\n\t\t\t\t\t<div class=\"wc-block-grid__product-onsale\">\n\t\t\t<span aria-hidden=\"true\">Sale<\/span>\n\t\t\t<span class=\"screen-reader-text\">Product on sale<\/span>\n\t\t<\/div>\n\t\t\t\t\t<div class=\"wc-block-grid__product-image\"><img loading=\"lazy\" decoding=\"async\" width=\"300\" height=\"300\" src=\"https:\/\/flamaecol.sk\/wp-content\/uploads\/2025\/12\/haka-60-50h-01-300x300.jpg\" class=\"attachment-woocommerce_thumbnail size-woocommerce_thumbnail\" alt=\"Hoxter HAKA 60\/50Sh\" srcset=\"https:\/\/flamaecol.sk\/wp-content\/uploads\/2025\/12\/haka-60-50h-01-300x300.jpg 300w, https:\/\/flamaecol.sk\/wp-content\/uploads\/2025\/12\/haka-60-50h-01-1030x1030.jpg 1030w, https:\/\/flamaecol.sk\/wp-content\/uploads\/2025\/12\/haka-60-50h-01-80x80.jpg 80w, https:\/\/flamaecol.sk\/wp-content\/uploads\/2025\/12\/haka-60-50h-01-768x768.jpg 768w, https:\/\/flamaecol.sk\/wp-content\/uploads\/2025\/12\/haka-60-50h-01-1536x1536.jpg 1536w, https:\/\/flamaecol.sk\/wp-content\/uploads\/2025\/12\/haka-60-50h-01-36x36.jpg 36w, https:\/\/flamaecol.sk\/wp-content\/uploads\/2025\/12\/haka-60-50h-01-180x180.jpg 180w, https:\/\/flamaecol.sk\/wp-content\/uploads\/2025\/12\/haka-60-50h-01-1500x1500.jpg 1500w, https:\/\/flamaecol.sk\/wp-content\/uploads\/2025\/12\/haka-60-50h-01-705x705.jpg 705w, https:\/\/flamaecol.sk\/wp-content\/uploads\/2025\/12\/haka-60-50h-01-120x120.jpg 120w, https:\/\/flamaecol.sk\/wp-content\/uploads\/2025\/12\/haka-60-50h-01-450x450.jpg 450w, https:\/\/flamaecol.sk\/wp-content\/uploads\/2025\/12\/haka-60-50h-01-600x600.jpg 600w, https:\/\/flamaecol.sk\/wp-content\/uploads\/2025\/12\/haka-60-50h-01-100x100.jpg 100w, https:\/\/flamaecol.sk\/wp-content\/uploads\/2025\/12\/haka-60-50h-01.jpg 2000w\" sizes=\"auto, (max-width: 300px) 100vw, 300px\" \/><\/div>\n\t\t\t\t\t<div class=\"wc-block-grid__product-title\">Hoxter HAKA 60\/50Sh<\/div>\n\t\t\t\t<\/a>\n\t\t\t\t<div class=\"wc-block-grid__product-price price\"><del aria-hidden=\"true\"><span class=\"woocommerce-Price-amount amount\">4865,00&nbsp;<span class=\"woocommerce-Price-currencySymbol\">&euro;<\/span><\/span><\/del> <span class=\"screen-reader-text\">Original price was: 4865,00&nbsp;&euro;.<\/span><ins aria-hidden=\"true\"><span class=\"woocommerce-Price-amount amount\">4190,00&nbsp;<span class=\"woocommerce-Price-currencySymbol\">&euro;<\/span><\/span><\/ins><span class=\"screen-reader-text\">Current price is: 4190,00&nbsp;&euro;.<\/span> <small class=\"woocommerce-price-suffix\">s DPH<\/small><\/div>\n\t\t\t\t\n\t\t\t\t<div class=\"wp-block-button wc-block-grid__product-add-to-cart\"><a href=\"?add-to-cart=5692\" aria-label=\"Add to cart: &ldquo;Hoxter HAKA 60\/50Sh&rdquo;\" data-quantity=\"1\" data-product_id=\"5692\" data-product_sku=\"haka60\/50Sh\" data-price=\"4190\" rel=\"nofollow\" class=\"wp-block-button__link  add_to_cart_button ajax_add_to_cart\">Add to cart<\/a><\/div>\n\t\t\t<\/li><\/ul><\/div><\/div><\/div>","protected":false},"excerpt":{"rendered":"","protected":false},"author":1,"featured_media":0,"parent":0,"menu_order":0,"comment_status":"closed","ping_status":"closed","template":"","meta":{"footnotes":""},"class_list":["post-1086","page","type-page","status-publish","hentry"],"_links":{"self":[{"href":"https:\/\/flamaecol.sk\/en\/wp-json\/wp\/v2\/pages\/1086","targetHints":{"allow":["GET"]}}],"collection":[{"href":"https:\/\/flamaecol.sk\/en\/wp-json\/wp\/v2\/pages"}],"about":[{"href":"https:\/\/flamaecol.sk\/en\/wp-json\/wp\/v2\/types\/page"}],"author":[{"embeddable":true,"href":"https:\/\/flamaecol.sk\/en\/wp-json\/wp\/v2\/users\/1"}],"replies":[{"embeddable":true,"href":"https:\/\/flamaecol.sk\/en\/wp-json\/wp\/v2\/comments?post=1086"}],"version-history":[{"count":0,"href":"https:\/\/flamaecol.sk\/en\/wp-json\/wp\/v2\/pages\/1086\/revisions"}],"wp:attachment":[{"href":"https:\/\/flamaecol.sk\/en\/wp-json\/wp\/v2\/media?parent=1086"}],"curies":[{"name":"wp","href":"https:\/\/api.w.org\/{rel}","templated":true}]}}